{"id":43663,"date":"2025-09-10T20:46:09","date_gmt":"2025-09-11T02:46:09","guid":{"rendered":"https:\/\/www.adobecar.com\/?page_id=43663"},"modified":"2026-04-12T17:26:39","modified_gmt":"2026-04-12T23:26:39","slug":"iframe","status":"publish","type":"page","link":"https:\/\/www.adobecar.com\/fr\/iframe\/","title":{"rendered":"Iframe"},"content":{"rendered":"\t\t<div data-elementor-type=\"wp-page\" data-elementor-id=\"43663\" class=\"elementor elementor-43663 elementor-42615\" data-elementor-post-type=\"page\">\n\t\t\t\t<div data-particle_enable=\"false\" data-particle-mobile-disabled=\"false\" class=\"elementor-element elementor-element-ca3c5f6 e-con-full e-flex e-con e-parent\" data-id=\"ca3c5f6\" data-element_type=\"container\" data-e-type=\"container\" data-settings=\"{&quot;background_background&quot;:&quot;classic&quot;}\">\n\t\t\t\t<div class=\"elementor-element elementor-element-accb0d7 elementor-widget elementor-widget-shortcode\" data-id=\"accb0d7\" data-element_type=\"widget\" data-e-type=\"widget\" data-widget_type=\"shortcode.default\">\n\t\t\t\t\t\t\t<div class=\"elementor-shortcode\">\n<div class=\"adobe-flow-wrapper\">\n    <form id=\"booking-now\" class=\"adobe-form form-buscador adobe-form-iframe adobe-form-iframe-layout-2\" action=\"https:\/\/www.adobecar.com\/fr\/adobe-results\/\" method=\"GET\" target=\"_blank\">\n        <input type=\"hidden\" name=\"adobe_search\" value=\"1\">\n    \n        <div class=\"form-row\">\n            <span class=\"label d--none\">O\u00f9 est votre prochain voyage?<\/span>\n            <div class=\"fields-row check-drop-off \">\n                \t<div class=\"fields-wrapper\">\r\n\t\t<div class=\"first pickup-wrapper dropdown-pick required\">\r\n\t\t\t<span class=\"label\">Bureau de ramassage<\/span>\r\n\t\t\t<div class=\"dropdown\">\r\n\t\t\t\t<button class=\"form-control button-pick pick-up-place\" type=\"button\" data-toggle=\"dropdown\" aria-haspopup=\"true\" aria-expanded=\"true\">\r\n\t\t\t\t\tBureau de ramassage\t\t\t\t<\/button>\r\n\t\t\t\t<span class=\"error help-block\">Vous devez indiquer o\u00f9 le v\u00e9hicule sera r\u00e9cup\u00e9r\u00e9<\/span>\r\n\t\t\t\t\r\n\t\t\t\t\t\t\t\t<ul class=\"dropdown-menu\" aria-labelledby=\"pick-up-place\">\r\n\t\t\t\t\t<li>\r\n\t\t\t\t\t\t<a class=\"place-title\">Fortuna<\/a>\r\n\t\t\t\t\t\t<a data-toggle=\"modal\" data-target=\"#pick-up-map\" class=\"toggle-map\"><span class=\"icon\">https:\/\/www.adobecar.com\/wp-content\/plugins\/adobe-renting-flow\/assets\/images\/icon-map-pin.svg<\/span><\/a>\r\n\t\t\t\t\t<\/li>\r\n\t\t\t\t<\/ul>\r\n\t\t\t<\/div>\r\n\t\t\t<input type=\"hidden\" name=\"pick_up_place\" data-trip=\"pick-up\" class=\"input-pick input-validate pick-up-input\" value=\"\">\r\n\t\t<\/div>\r\n\t\t\r\n\t\t<div class=\"last dropoff-wrapper dropdown-pick required\">\r\n\t\t\t<span class=\"label\">Bureau de d\u00e9p\u00f4t<\/span>\r\n\t\t\t<div class=\"dropdown\">\r\n\t\t\t\t<button class=\"form-control dropdown-toggle button-pick drop-off-place\" type=\"button\" data-toggle=\"dropdown\" aria-haspopup=\"true\" aria-expanded=\"true\">Bureau de d\u00e9p\u00f4t<\/button>\r\n\t\t\t\t<span class=\"error help-block\">Vous devez indiquer o\u00f9 le v\u00e9hicule sera d\u00e9pos\u00e9<\/span>\r\n\t\t\t\t\r\n\t\t\t\t\t\t\t\t<ul class=\"dropdown-menu\" aria-labelledby=\"pick-up-place\">\r\n\t\t\t\t\t<li>\r\n\t\t\t\t\t\t<a class=\"place-title\">Fortuna<\/a>\r\n\t\t\t\t\t\t<a data-toggle=\"modal\" data-target=\"#pick-up-map\" class=\"toggle-map\"><span class=\"icon\">https:\/\/www.adobecar.com\/wp-content\/plugins\/adobe-renting-flow\/assets\/images\/icon-map-pin.svg<\/span><\/a>\r\n\t\t\t\t\t<\/li>\r\n\t\t\t\t<\/ul>\r\n\t\t\t<\/div>\r\n\t\t\t<input type=\"hidden\" name=\"drop_off_place\" data-trip=\"drop-off\" class=\"input-pick input-validate drop-off-input\" value=\"\">\r\n\t\t<\/div>\r\n\t<\/div>\r\n\t    \n                            <\/div>\n        <\/div>\n    \n        <div class=\"form-row\">\n            <span class=\"label d--none\">A quand ton prochain voyage?<\/span>\n            <div class=\"fields-row\">\n    \n                \t<div class=\"fields-wrapper\">\r\n\t\t<div class=\"date-wrapper\">\r\n\t\t\t<span class=\"label\">Ramasser une date<\/span>\r\n\t\t\t<div class=\"calendar-group\">\r\n\t\t\t\t<input id=\"pick-up-date_view\" type=\"text\" class=\"form-control date-from pick-up-date_view\" placeholder=\"22 Avr\" readonly=\"readonly\" data-val=\"2026-04-23\" \/>\r\n\t\t\t\t<input type=\"hidden\" class=\"form-control date-input input-from pick-up-date\" name=\"pick_up_date\" value=\"2026-04-23\" \/>\r\n\r\n\t\t\t\t<span class=\"calendar-icon\">\r\n\t\t\t\t\t<i class=\"icon-date\"><\/i>\r\n\t\t\t\t<\/span>\r\n\t\t\t<\/div>\r\n\r\n\t\t\t\t\t\t\r\n\t\t\t<span class=\"datefrom-picker\" style=\"display: block;\"><\/span>\r\n\t\t\t<span class=\"error help-block\">Vous devez indiquer une date<\/span>\r\n\t\t<\/div>\r\n\t\t<div class=\"date-wrapper\">\r\n\t\t\t<span class=\"label\">Date de retour<\/span>\r\n\t\t\t<div class=\"calendar-group\">\r\n\t\t\t\t<input id=\"drop-off-date_view\" type=\"text\" class=\"form-control date-to drop-off-date_view\" placeholder=\"28 Avr\" readonly=\"readonly\" data-val=\"2026-04-29\" \/>\r\n\t\t\t\t<input type=\"hidden\" class=\"form-control date-input input-to drop-off-date\" name=\"drop_off_date\" value=\"2026-04-29\" \/>\r\n\r\n\t\t\t\t<span class=\"calendar-icon\">\r\n\t\t\t\t\t<i class=\"icon-date\"><\/i>\r\n\t\t\t\t<\/span>\r\n\t\t\t<\/div>\r\n\r\n\t\t\t\t\t\t\r\n\t\t\t<span class=\"dateto-picker\" style=\"display: block;\"><\/span>\r\n\t\t\t<span class=\"error help-block\">Vous devez indiquer une date<\/span>\r\n\t\t<\/div>\r\n\t<\/div>\r\n\t    \n            <\/div>\n        <\/div>\n    \n        <div class=\"form-row\">\n            <div class=\"fields-row\">\n                <div class=\"hour-container fields-wrapper\">\n                    <div class=\"item-hour required\">\n                        <span class=\"label\">Lieu de prise en charge<\/span>\n                        <select name=\"pick_up_time\" class=\"select-time pick-up-time\" data-current=\"\" style=\"display: none\"><\/select>\n                        <span class=\"error help-block\">Choisissez d'abord un emplacement<\/span>\n                        <span class=\"error help-block error-office hide\">Ce site est d\u00e9j\u00e0 ferm\u00e9<\/span>\n                    <\/div>\n                    <div class=\"item-hour required\">\n                        <span class=\"label\">Heure de retour<\/span>\n                        <select name=\"drop_off_time\" class=\"select-time drop-off-time\" data-current=\"\" style=\"display: none\"><\/select>\n                        <span class=\"error help-block\">Choisissez d'abord un emplacement<\/span>\n                    <\/div>\n                <\/div>\n            <\/div>\n        <\/div>\n    \n            \n        <div class=\"form-row\">\n                        <div class=\"button-search-wrapper\">\n                <button data-loading-text=\"Loading...\" class=\"btn btn-adobe-green btn-search\" type=\"submit\">Chercher<\/button>\n            <\/div>\n        <\/div>\n    <\/form>\n<\/div><\/div>\n\t\t\t\t\t\t<\/div>\n\t\t\t\t<\/div>\n\t\t\t\t<\/div>\n\t\t","protected":false},"excerpt":{"rendered":"","protected":false},"author":142,"featured_media":0,"parent":0,"menu_order":0,"comment_status":"closed","ping_status":"closed","template":"elementor_canvas","meta":{"_acf_changed":false,"_kad_post_transparent":"","_kad_post_title":"","_kad_post_layout":"","_kad_post_sidebar_id":"","_kad_post_content_style":"","_kad_post_vertical_padding":"","_kad_post_feature":"","_kad_post_feature_position":"","_kad_post_header":false,"_kad_post_footer":false,"_kad_post_classname":"","footnotes":""},"class_list":["post-43663","page","type-page","status-publish","hentry"],"acf":[],"yoast_head":"<!-- This site is optimized with the Yoast SEO Premium plugin v26.9 (Yoast SEO v26.9) - https:\/\/yoast.com\/product\/yoast-seo-premium-wordpress\/ -->\n<title>Iframe - Adobe Rent a Car 2025<\/title>\n<meta name=\"description\" content=\"\u27a1\ufe0f - Adobe Rent a Car 2025 - Iframe\" \/>\n<meta name=\"robots\" content=\"noindex, follow\" \/>\n<meta property=\"og:locale\" content=\"fr_FR\" \/>\n<meta property=\"og:type\" content=\"article\" \/>\n<meta property=\"og:title\" content=\"Iframe - Adobe Rent a Car 2025\" \/>\n<meta property=\"og:description\" content=\"\u27a1\ufe0f - Adobe Rent a Car 2025 - Iframe\" \/>\n<meta property=\"og:url\" content=\"https:\/\/www.adobecar.com\/fr\/iframe\/\" \/>\n<meta property=\"og:site_name\" content=\"Adobe Rent a Car 2025\" \/>\n<meta property=\"article:publisher\" content=\"https:\/\/www.facebook.com\/adobecar\" \/>\n<meta property=\"article:modified_time\" content=\"2026-04-12T23:26:39+00:00\" \/>\n<meta property=\"og:image\" content=\"https:\/\/www.adobecar.com\/wp-content\/uploads\/2023\/06\/MAPA-682x280-SAN-JOSE.jpg\" \/>\n\t<meta property=\"og:image:width\" content=\"682\" \/>\n\t<meta property=\"og:image:height\" content=\"280\" \/>\n\t<meta property=\"og:image:type\" content=\"image\/jpeg\" \/>\n<meta name=\"twitter:card\" content=\"summary_large_image\" \/>\n<meta name=\"twitter:site\" content=\"@adoberentacar\" \/>\n<script type=\"application\/ld+json\" class=\"yoast-schema-graph\">{\"@context\":\"https:\/\/schema.org\",\"@graph\":[{\"@type\":\"WebPage\",\"@id\":\"https:\/\/www.adobecar.com\/fr\/iframe\/\",\"url\":\"https:\/\/www.adobecar.com\/fr\/iframe\/\",\"name\":\"Iframe - Adobe Rent a Car 2025\",\"isPartOf\":{\"@id\":\"https:\/\/www.adobecar.com\/fr\/#website\"},\"datePublished\":\"2025-09-11T02:46:09+00:00\",\"dateModified\":\"2026-04-12T23:26:39+00:00\",\"description\":\"\u27a1\ufe0f - Adobe Rent a Car 2025 - Iframe\",\"breadcrumb\":{\"@id\":\"https:\/\/www.adobecar.com\/fr\/iframe\/#breadcrumb\"},\"inLanguage\":\"fr-FR\",\"potentialAction\":[{\"@type\":\"ReadAction\",\"target\":[\"https:\/\/www.adobecar.com\/fr\/iframe\/\"]}]},{\"@type\":\"BreadcrumbList\",\"@id\":\"https:\/\/www.adobecar.com\/fr\/iframe\/#breadcrumb\",\"itemListElement\":[{\"@type\":\"ListItem\",\"position\":1,\"name\":\"Location de voitures\",\"item\":\"https:\/\/www.adobecar.com\/fr\/\"},{\"@type\":\"ListItem\",\"position\":2,\"name\":\"Iframe\"}]},{\"@type\":\"WebSite\",\"@id\":\"https:\/\/www.adobecar.com\/fr\/#website\",\"url\":\"https:\/\/www.adobecar.com\/fr\/\",\"name\":\"Adobe Rent a Car 2025\",\"description\":\"Largest local car rental company in Costa Rica\",\"publisher\":{\"@id\":\"https:\/\/www.adobecar.com\/fr\/#organization\"},\"alternateName\":\"ARC Car Rental\",\"potentialAction\":[{\"@type\":\"SearchAction\",\"target\":{\"@type\":\"EntryPoint\",\"urlTemplate\":\"https:\/\/www.adobecar.com\/fr\/?s={search_term_string}\"},\"query-input\":{\"@type\":\"PropertyValueSpecification\",\"valueRequired\":true,\"valueName\":\"search_term_string\"}}],\"inLanguage\":\"fr-FR\"},{\"@type\":[\"Organization\",\"Place\"],\"@id\":\"https:\/\/www.adobecar.com\/fr\/#organization\",\"name\":\"Adobe Rent a Car\",\"url\":\"https:\/\/www.adobecar.com\/fr\/\",\"logo\":{\"@type\":\"ImageObject\",\"inLanguage\":\"fr-FR\",\"@id\":\"https:\/\/www.adobecar.com\/fr\/#\/schema\/logo\/image\/\",\"url\":\"https:\/\/www.adobecar.com\/wp-content\/uploads\/2020\/05\/logo-ARC.png\",\"contentUrl\":\"https:\/\/www.adobecar.com\/wp-content\/uploads\/2020\/05\/logo-ARC.png\",\"width\":170,\"height\":78,\"caption\":\"Adobe Rent a Car\"},\"image\":{\"@id\":\"https:\/\/www.adobecar.com\/fr\/#\/schema\/logo\/image\/\"},\"sameAs\":[\"https:\/\/www.facebook.com\/adobecar\",\"https:\/\/x.com\/adoberentacar\",\"https:\/\/www.instagram.com\/adoberentacar\/\",\"https:\/\/www.linkedin.com\/company\/adobe-rent-a-car\",\"https:\/\/www.youtube.com\/channel\/UCPJfc3n7wu_7aR8H_nd6VJQ\"],\"mainEntityOfPage\":{\"@id\":\"https:\/\/www.adobecar.com\/fr\/iframe\/\"}}]}<\/script>\n<!-- \/ Yoast SEO Premium plugin. -->","yoast_head_json":{"title":"Iframe - Adobe Rent a Car 2025","description":"\u27a1\ufe0f - Adobe Rent a Car 2025 - Iframe","robots":{"index":"noindex","follow":"follow"},"og_locale":"fr_FR","og_type":"article","og_title":"Iframe - Adobe Rent a Car 2025","og_description":"\u27a1\ufe0f - Adobe Rent a Car 2025 - Iframe","og_url":"https:\/\/www.adobecar.com\/fr\/iframe\/","og_site_name":"Adobe Rent a Car 2025","article_publisher":"https:\/\/www.facebook.com\/adobecar","article_modified_time":"2026-04-12T23:26:39+00:00","og_image":[{"width":682,"height":280,"url":"https:\/\/www.adobecar.com\/wp-content\/uploads\/2023\/06\/MAPA-682x280-SAN-JOSE.jpg","type":"image\/jpeg"}],"twitter_card":"summary_large_image","twitter_site":"@adoberentacar","schema":{"@context":"https:\/\/schema.org","@graph":[{"@type":"WebPage","@id":"https:\/\/www.adobecar.com\/fr\/iframe\/","url":"https:\/\/www.adobecar.com\/fr\/iframe\/","name":"Iframe - Adobe Rent a Car 2025","isPartOf":{"@id":"https:\/\/www.adobecar.com\/fr\/#website"},"datePublished":"2025-09-11T02:46:09+00:00","dateModified":"2026-04-12T23:26:39+00:00","description":"\u27a1\ufe0f - Adobe Rent a Car 2025 - Iframe","breadcrumb":{"@id":"https:\/\/www.adobecar.com\/fr\/iframe\/#breadcrumb"},"inLanguage":"fr-FR","potentialAction":[{"@type":"ReadAction","target":["https:\/\/www.adobecar.com\/fr\/iframe\/"]}]},{"@type":"BreadcrumbList","@id":"https:\/\/www.adobecar.com\/fr\/iframe\/#breadcrumb","itemListElement":[{"@type":"ListItem","position":1,"name":"Location de voitures","item":"https:\/\/www.adobecar.com\/fr\/"},{"@type":"ListItem","position":2,"name":"Iframe"}]},{"@type":"WebSite","@id":"https:\/\/www.adobecar.com\/fr\/#website","url":"https:\/\/www.adobecar.com\/fr\/","name":"Adobe Rent a Car 2025","description":"Largest local car rental company in Costa Rica","publisher":{"@id":"https:\/\/www.adobecar.com\/fr\/#organization"},"alternateName":"ARC Car Rental","potentialAction":[{"@type":"SearchAction","target":{"@type":"EntryPoint","urlTemplate":"https:\/\/www.adobecar.com\/fr\/?s={search_term_string}"},"query-input":{"@type":"PropertyValueSpecification","valueRequired":true,"valueName":"search_term_string"}}],"inLanguage":"fr-FR"},{"@type":["Organization","Place"],"@id":"https:\/\/www.adobecar.com\/fr\/#organization","name":"Adobe Rent a Car","url":"https:\/\/www.adobecar.com\/fr\/","logo":{"@type":"ImageObject","inLanguage":"fr-FR","@id":"https:\/\/www.adobecar.com\/fr\/#\/schema\/logo\/image\/","url":"https:\/\/www.adobecar.com\/wp-content\/uploads\/2020\/05\/logo-ARC.png","contentUrl":"https:\/\/www.adobecar.com\/wp-content\/uploads\/2020\/05\/logo-ARC.png","width":170,"height":78,"caption":"Adobe Rent a Car"},"image":{"@id":"https:\/\/www.adobecar.com\/fr\/#\/schema\/logo\/image\/"},"sameAs":["https:\/\/www.facebook.com\/adobecar","https:\/\/x.com\/adoberentacar","https:\/\/www.instagram.com\/adoberentacar\/","https:\/\/www.linkedin.com\/company\/adobe-rent-a-car","https:\/\/www.youtube.com\/channel\/UCPJfc3n7wu_7aR8H_nd6VJQ"],"mainEntityOfPage":{"@id":"https:\/\/www.adobecar.com\/fr\/iframe\/"}}]}},"_links":{"self":[{"href":"https:\/\/www.adobecar.com\/fr\/wp-json\/wp\/v2\/pages\/43663","targetHints":{"allow":["GET"]}}],"collection":[{"href":"https:\/\/www.adobecar.com\/fr\/wp-json\/wp\/v2\/pages"}],"about":[{"href":"https:\/\/www.adobecar.com\/fr\/wp-json\/wp\/v2\/types\/page"}],"author":[{"embeddable":true,"href":"https:\/\/www.adobecar.com\/fr\/wp-json\/wp\/v2\/users\/142"}],"replies":[{"embeddable":true,"href":"https:\/\/www.adobecar.com\/fr\/wp-json\/wp\/v2\/comments?post=43663"}],"version-history":[{"count":0,"href":"https:\/\/www.adobecar.com\/fr\/wp-json\/wp\/v2\/pages\/43663\/revisions"}],"wp:attachment":[{"href":"https:\/\/www.adobecar.com\/fr\/wp-json\/wp\/v2\/media?parent=43663"}],"curies":[{"name":"wp","href":"https:\/\/api.w.org\/{rel}","templated":true}]}}