{"id":17536,"date":"2022-04-19T21:36:12","date_gmt":"2022-04-20T03:36:12","guid":{"rendered":"https:\/\/www.adobecar.com\/?page_id=17536"},"modified":"2024-03-21T22:54:10","modified_gmt":"2024-03-22T04:54:10","slug":"terminos-y-condiciones-de-adobe-mas-adobe","status":"publish","type":"page","link":"https:\/\/www.adobecar.com\/fr\/terminos-y-condiciones-de-adobe-mas-adobe\/","title":{"rendered":"Termes et conditions Adobe M\u00e1s (Adobe+)"},"content":{"rendered":"<p style=\"font-weight: 400;\"><strong>Conditions g\u00e9n\u00e9rales d&rsquo;Adobe Plus (Adobe+)<\/strong><\/p>\n<p style=\"font-weight: 400;\"><strong><span>1 jour de redevance de location gratuite \u00e0 \u00e9changer pendant le mois d&rsquo;anniversaire<\/span><\/strong><\/p>\n<ul style=\"font-weight: 400;\">\n<li><span>Si vous faites partie du plan de fid\u00e9lit\u00e9 Adobe M\u00e1s (Adobe+), vous pouvez utiliser une redevance d&rsquo;un jour de location gratuit, quel que soit le niveau auquel vous \u00eates membre de l&rsquo;application Adobe M\u00e1s (Adobe+), \u00e0 \u00e9changer pendant le mois de votre anniversaire. .<\/span><\/li>\n<li><span>La redevance s&rsquo;applique pour les locations minimales de 3 jours.<\/span><\/li>\n<li><span>Cette redevance ne peut \u00eatre utilis\u00e9e que dans le mois de l&rsquo;anniversaire de la personne.<\/span><\/li>\n<li><span>Pour b\u00e9n\u00e9ficier de cet avantage, la personne ou l&rsquo;adh\u00e9rent au plan de fid\u00e9lit\u00e9 qui loue doit \u00eatre le conducteur principal du v\u00e9hicule.<\/span><\/li>\n<li><span>Au moment de l&rsquo;\u00e9change de cette redevance, un d\u00e9 nos agents v\u00e9rifiera qu&rsquo;il s&rsquo;agit bien du mois de votre anniversaire afin d&rsquo;appliquer l&rsquo;avantage.<\/span><\/li>\n<li><span>Pour \u00e9changer cette prestation, le client doit pr\u00e9senter une pi\u00e8ce d&rsquo;identit\u00e9 en cours de validit\u00e9 et en bon \u00e9tat.<\/span><\/li>\n<li>Pour b\u00e9n\u00e9ficier de cet avantage, vous devez \u00eatre le titulaire principal de la carte de cr\u00e9dit.<\/li>\n<li><span>Postulez pour n&rsquo;importe quel bureau Adobe Rent a Car dans tout le pays.<\/span><\/li>\n<li>La promotion s&rsquo;applique aux membres des niveaux : Aimed, Fever et Pro.<\/li>\n<li>Promotion exclusive uniquement pour les r\u00e9servations effectu\u00e9es dans l&rsquo;application, ne s&rsquo;applique pas aux r\u00e9servations effectu\u00e9es par courrier, appel t\u00e9l\u00e9phonique, site Web ou autres moyens.<\/li>\n<li>Pour appliquer la promotion, vous devez mentionner cet avantage afin qu&rsquo;un de nos agents puisse v\u00e9rifier les informations et vous pouvez opter pour cet avantage.<\/li>\n<\/ul>\n<p>&nbsp;<\/p>\n<p style=\"font-weight: 400;\"><strong><span>Avantage de redevance pour le niveau Apuntado:<\/span><\/strong><\/p>\n<p style=\"font-weight: 400;\"><span>\u00a0<\/span>1 jour de location gratuite \u00e9quivalant \u00e0 40 dollars de loyer sur la location d&rsquo;un v\u00e9hicule \u00e9changeable dans le mois de votre anniversaire (Selon disponibilit\u00e9).\u00a0Valable pour une r\u00e9servation d&rsquo;au moins 3 jours : vous payez 2 jours et le 3\u00e8me jour est gratuit.<\/p>\n<ul style=\"font-weight: 400;\">\n<li><span>La journ\u00e9e libre comprend le loyer et l&rsquo;assurance de base obligatoire.<\/span><\/li>\n<li><span>Il n&rsquo;inclut pas le paiement de l&rsquo;assurance totale ni la TVA.\u00a0<\/span>Pour appliquer l&rsquo;avantage, vous devez effectuer votre r\u00e9servation via l&rsquo;application et nous envoyer le num\u00e9ro de r\u00e9servation \u00e0 l&rsquo;e-mail<span>\u00a0<\/span><span><a href=\"mailto:adobemas@adobecar.com\">adobemas@adobecar.com<\/a><\/span><\/li>\n<\/ul>\n<p style=\"font-weight: 400;\"><strong><span>\u00a0<\/span><\/strong><\/p>\n<p style=\"font-weight: 400;\"><strong><span>Avantage de la redevance pour le niveau\u00a0Fiebre:<\/span><\/strong><span>\u00a0<\/span><\/p>\n<ul style=\"font-weight: 400;\">\n<li><span>1 jour de location gratuite \u00e9quivalant \u00e0 40 dollars de loyer sur la location d&rsquo;un v\u00e9hicule \u00e9changeable dans le mois de votre anniversaire (Selon disponibilit\u00e9).\u00a0<\/span>Valable pour une r\u00e9servation d&rsquo;au moins 3 jours : vous payez 2 jours et le 3\u00e8me jour est gratuit.<\/li>\n<li><span>La journ\u00e9e libre comprend le loyer et l&rsquo;assurance de base obligatoire.<\/span><\/li>\n<li><span>Il n&rsquo;inclut pas le paiement de l&rsquo;assurance totale ni la TVA.\u00a0<\/span>Pour appliquer l&rsquo;avantage, vous devez effectuer votre r\u00e9servation via l&rsquo;application et nous envoyer le num\u00e9ro de r\u00e9servation \u00e0 l&rsquo;e-mail<span>\u00a0<\/span><span><a href=\"mailto:adobemas@adobecar.com\">adobemas@adobecar.com<\/a><\/span><\/li>\n<\/ul>\n<p>&nbsp;<\/p>\n<p style=\"font-weight: 400;\"><strong>Avantage de redevance pour le niveau Pro:<\/strong><\/p>\n<ul style=\"font-weight: 400;\">\n<li>1 jour de location gratuite \u00e9quivalant \u00e0 60$ dollars de loyer sur la location d&rsquo;un v\u00e9hicule \u00e9changeable dans le mois de votre anniversaire (Selon disponibilit\u00e9). Valable pour une r\u00e9servation d&rsquo;au moins 3 jours : vous payez 2 jours et le 3\u00e8me jour est gratuit.<\/li>\n<li><span>La journ\u00e9e libre comprend le loyer et l&rsquo;assurance de base obligatoire.<\/span><\/li>\n<li><span>Il n&rsquo;inclut pas le paiement de l&rsquo;assurance totale ni la TVA.\u00a0<\/span>Pour appliquer l&rsquo;avantage, vous devez effectuer votre r\u00e9servation via l&rsquo;application et nous envoyer le num\u00e9ro de r\u00e9servation \u00e0 l&rsquo;e-mail<span>\u00a0<\/span><span><a href=\"mailto:adobemas@adobecar.com\">adobemas@adobecar.com<\/a><\/span><\/li>\n<\/ul>\n","protected":false},"excerpt":{"rendered":"<p>Conditions g\u00e9n\u00e9rales d&rsquo;Adobe Plus (Adobe+) 1 jour de redevance de location gratuite \u00e0 \u00e9changer pendant le mois d&rsquo;anniversaire Si vous faites partie du plan de fid\u00e9lit\u00e9 Adobe M\u00e1s (Adobe+), vous pouvez utiliser une redevance d&rsquo;un jour de location gratuit, quel que soit le niveau auquel vous \u00eates membre de l&rsquo;application Adobe M\u00e1s (Adobe+), \u00e0 \u00e9changer&#8230;<\/p>\n","protected":false},"author":12,"featured_media":0,"parent":0,"menu_order":0,"comment_status":"closed","ping_status":"closed","template":"","meta":{"_acf_changed":false,"_kad_post_transparent":"","_kad_post_title":"show","_kad_post_layout":"normal","_kad_post_sidebar_id":"","_kad_post_content_style":"","_kad_post_vertical_padding":"","_kad_post_feature":"","_kad_post_feature_position":"","_kad_post_header":false,"_kad_post_footer":false,"_kad_post_classname":"","footnotes":""},"class_list":["post-17536","page","type-page","status-publish","hentry"],"acf":[],"yoast_head":"<!-- This site is optimized with the Yoast SEO Premium plugin v26.9 (Yoast SEO v26.9) - https:\/\/yoast.com\/product\/yoast-seo-premium-wordpress\/ -->\n<title>Termes et conditions Adobe M\u00e1s (Adobe+) - Adobe Rent a Car<\/title>\n<meta name=\"description\" content=\"\u27a1\ufe0f - Adobe Rent a Car - Termes et conditions Adobe M\u00e1s (Adobe+)\" \/>\n<meta name=\"robots\" content=\"index, follow, max-snippet:-1, max-image-preview:large, max-video-preview:-1\" \/>\n<link rel=\"canonical\" href=\"https:\/\/www.adobecar.com\/fr\/terminos-y-condiciones-de-adobe-mas-adobe\/\" \/>\n<meta property=\"og:locale\" content=\"fr_FR\" \/>\n<meta property=\"og:type\" content=\"article\" \/>\n<meta property=\"og:title\" content=\"Termes et conditions Adobe M\u00e1s (Adobe+) - Adobe Rent a Car\" \/>\n<meta property=\"og:description\" content=\"\u27a1\ufe0f - Adobe Rent a Car - Termes et conditions Adobe M\u00e1s (Adobe+)\" \/>\n<meta property=\"og:url\" content=\"https:\/\/www.adobecar.com\/fr\/terminos-y-condiciones-de-adobe-mas-adobe\/\" \/>\n<meta property=\"og:site_name\" content=\"Adobe Rent a Car\" \/>\n<meta property=\"article:publisher\" content=\"https:\/\/www.facebook.com\/adobecar\" \/>\n<meta property=\"article:modified_time\" content=\"2024-03-22T04:54:10+00:00\" \/>\n<meta property=\"og:image\" content=\"https:\/\/www.adobecar.com\/wp-content\/uploads\/2023\/06\/MAPA-682x280-SAN-JOSE.jpg\" \/>\n\t<meta property=\"og:image:width\" content=\"682\" \/>\n\t<meta property=\"og:image:height\" content=\"280\" \/>\n\t<meta property=\"og:image:type\" content=\"image\/jpeg\" \/>\n<meta name=\"twitter:card\" content=\"summary_large_image\" \/>\n<meta name=\"twitter:site\" content=\"@adoberentacar\" \/>\n<script type=\"application\/ld+json\" class=\"yoast-schema-graph\">{\"@context\":\"https:\/\/schema.org\",\"@graph\":[{\"@type\":\"WebPage\",\"@id\":\"https:\/\/www.adobecar.com\/fr\/terminos-y-condiciones-de-adobe-mas-adobe\/\",\"url\":\"https:\/\/www.adobecar.com\/fr\/terminos-y-condiciones-de-adobe-mas-adobe\/\",\"name\":\"Termes et conditions Adobe M\u00e1s (Adobe+) - Adobe Rent a Car\",\"isPartOf\":{\"@id\":\"https:\/\/www.adobecar.com\/fr\/#website\"},\"datePublished\":\"2022-04-20T03:36:12+00:00\",\"dateModified\":\"2024-03-22T04:54:10+00:00\",\"description\":\"\u27a1\ufe0f - Adobe Rent a Car - Termes et conditions Adobe M\u00e1s (Adobe+)\",\"breadcrumb\":{\"@id\":\"https:\/\/www.adobecar.com\/fr\/terminos-y-condiciones-de-adobe-mas-adobe\/#breadcrumb\"},\"inLanguage\":\"fr-FR\",\"potentialAction\":[{\"@type\":\"ReadAction\",\"target\":[\"https:\/\/www.adobecar.com\/fr\/terminos-y-condiciones-de-adobe-mas-adobe\/\"]}]},{\"@type\":\"BreadcrumbList\",\"@id\":\"https:\/\/www.adobecar.com\/fr\/terminos-y-condiciones-de-adobe-mas-adobe\/#breadcrumb\",\"itemListElement\":[{\"@type\":\"ListItem\",\"position\":1,\"name\":\"Location de voitures\",\"item\":\"https:\/\/www.adobecar.com\/fr\/\"},{\"@type\":\"ListItem\",\"position\":2,\"name\":\"Termes et conditions Adobe M\u00e1s (Adobe+)\"}]},{\"@type\":\"WebSite\",\"@id\":\"https:\/\/www.adobecar.com\/fr\/#website\",\"url\":\"https:\/\/www.adobecar.com\/fr\/\",\"name\":\"Adobe Rent a Car\",\"description\":\"Largest local car rental company in Costa Rica\",\"publisher\":{\"@id\":\"https:\/\/www.adobecar.com\/fr\/#organization\"},\"alternateName\":\"ARC Car Rental\",\"potentialAction\":[{\"@type\":\"SearchAction\",\"target\":{\"@type\":\"EntryPoint\",\"urlTemplate\":\"https:\/\/www.adobecar.com\/fr\/?s={search_term_string}\"},\"query-input\":{\"@type\":\"PropertyValueSpecification\",\"valueRequired\":true,\"valueName\":\"search_term_string\"}}],\"inLanguage\":\"fr-FR\"},{\"@type\":[\"Organization\",\"Place\"],\"@id\":\"https:\/\/www.adobecar.com\/fr\/#organization\",\"name\":\"Adobe Rent a Car\",\"url\":\"https:\/\/www.adobecar.com\/fr\/\",\"logo\":{\"@type\":\"ImageObject\",\"inLanguage\":\"fr-FR\",\"@id\":\"https:\/\/www.adobecar.com\/fr\/#\/schema\/logo\/image\/\",\"url\":\"https:\/\/www.adobecar.com\/wp-content\/uploads\/2020\/05\/logo-ARC.png\",\"contentUrl\":\"https:\/\/www.adobecar.com\/wp-content\/uploads\/2020\/05\/logo-ARC.png\",\"width\":170,\"height\":78,\"caption\":\"Adobe Rent a Car\"},\"image\":{\"@id\":\"https:\/\/www.adobecar.com\/fr\/#\/schema\/logo\/image\/\"},\"sameAs\":[\"https:\/\/www.facebook.com\/adobecar\",\"https:\/\/x.com\/adoberentacar\",\"https:\/\/www.instagram.com\/adoberentacar\/\",\"https:\/\/www.linkedin.com\/company\/adobe-rent-a-car\",\"https:\/\/www.youtube.com\/channel\/UCPJfc3n7wu_7aR8H_nd6VJQ\"],\"mainEntityOfPage\":{\"@id\":\"https:\/\/www.adobecar.com\/fr\/terminos-y-condiciones-de-adobe-mas-adobe\/\"}}]}<\/script>\n<!-- \/ Yoast SEO Premium plugin. -->","yoast_head_json":{"title":"Termes et conditions Adobe M\u00e1s (Adobe+) - Adobe Rent a Car","description":"\u27a1\ufe0f - Adobe Rent a Car - Termes et conditions Adobe M\u00e1s (Adobe+)","robots":{"index":"index","follow":"follow","max-snippet":"max-snippet:-1","max-image-preview":"max-image-preview:large","max-video-preview":"max-video-preview:-1"},"canonical":"https:\/\/www.adobecar.com\/fr\/terminos-y-condiciones-de-adobe-mas-adobe\/","og_locale":"fr_FR","og_type":"article","og_title":"Termes et conditions Adobe M\u00e1s (Adobe+) - Adobe Rent a Car","og_description":"\u27a1\ufe0f - Adobe Rent a Car - Termes et conditions Adobe M\u00e1s (Adobe+)","og_url":"https:\/\/www.adobecar.com\/fr\/terminos-y-condiciones-de-adobe-mas-adobe\/","og_site_name":"Adobe Rent a Car","article_publisher":"https:\/\/www.facebook.com\/adobecar","article_modified_time":"2024-03-22T04:54:10+00:00","og_image":[{"width":682,"height":280,"url":"https:\/\/www.adobecar.com\/wp-content\/uploads\/2023\/06\/MAPA-682x280-SAN-JOSE.jpg","type":"image\/jpeg"}],"twitter_card":"summary_large_image","twitter_site":"@adoberentacar","schema":{"@context":"https:\/\/schema.org","@graph":[{"@type":"WebPage","@id":"https:\/\/www.adobecar.com\/fr\/terminos-y-condiciones-de-adobe-mas-adobe\/","url":"https:\/\/www.adobecar.com\/fr\/terminos-y-condiciones-de-adobe-mas-adobe\/","name":"Termes et conditions Adobe M\u00e1s (Adobe+) - Adobe Rent a Car","isPartOf":{"@id":"https:\/\/www.adobecar.com\/fr\/#website"},"datePublished":"2022-04-20T03:36:12+00:00","dateModified":"2024-03-22T04:54:10+00:00","description":"\u27a1\ufe0f - Adobe Rent a Car - Termes et conditions Adobe M\u00e1s (Adobe+)","breadcrumb":{"@id":"https:\/\/www.adobecar.com\/fr\/terminos-y-condiciones-de-adobe-mas-adobe\/#breadcrumb"},"inLanguage":"fr-FR","potentialAction":[{"@type":"ReadAction","target":["https:\/\/www.adobecar.com\/fr\/terminos-y-condiciones-de-adobe-mas-adobe\/"]}]},{"@type":"BreadcrumbList","@id":"https:\/\/www.adobecar.com\/fr\/terminos-y-condiciones-de-adobe-mas-adobe\/#breadcrumb","itemListElement":[{"@type":"ListItem","position":1,"name":"Location de voitures","item":"https:\/\/www.adobecar.com\/fr\/"},{"@type":"ListItem","position":2,"name":"Termes et conditions Adobe M\u00e1s (Adobe+)"}]},{"@type":"WebSite","@id":"https:\/\/www.adobecar.com\/fr\/#website","url":"https:\/\/www.adobecar.com\/fr\/","name":"Adobe Rent a Car","description":"Largest local car rental company in Costa Rica","publisher":{"@id":"https:\/\/www.adobecar.com\/fr\/#organization"},"alternateName":"ARC Car Rental","potentialAction":[{"@type":"SearchAction","target":{"@type":"EntryPoint","urlTemplate":"https:\/\/www.adobecar.com\/fr\/?s={search_term_string}"},"query-input":{"@type":"PropertyValueSpecification","valueRequired":true,"valueName":"search_term_string"}}],"inLanguage":"fr-FR"},{"@type":["Organization","Place"],"@id":"https:\/\/www.adobecar.com\/fr\/#organization","name":"Adobe Rent a Car","url":"https:\/\/www.adobecar.com\/fr\/","logo":{"@type":"ImageObject","inLanguage":"fr-FR","@id":"https:\/\/www.adobecar.com\/fr\/#\/schema\/logo\/image\/","url":"https:\/\/www.adobecar.com\/wp-content\/uploads\/2020\/05\/logo-ARC.png","contentUrl":"https:\/\/www.adobecar.com\/wp-content\/uploads\/2020\/05\/logo-ARC.png","width":170,"height":78,"caption":"Adobe Rent a Car"},"image":{"@id":"https:\/\/www.adobecar.com\/fr\/#\/schema\/logo\/image\/"},"sameAs":["https:\/\/www.facebook.com\/adobecar","https:\/\/x.com\/adoberentacar","https:\/\/www.instagram.com\/adoberentacar\/","https:\/\/www.linkedin.com\/company\/adobe-rent-a-car","https:\/\/www.youtube.com\/channel\/UCPJfc3n7wu_7aR8H_nd6VJQ"],"mainEntityOfPage":{"@id":"https:\/\/www.adobecar.com\/fr\/terminos-y-condiciones-de-adobe-mas-adobe\/"}}]}},"_links":{"self":[{"href":"https:\/\/www.adobecar.com\/fr\/wp-json\/wp\/v2\/pages\/17536","targetHints":{"allow":["GET"]}}],"collection":[{"href":"https:\/\/www.adobecar.com\/fr\/wp-json\/wp\/v2\/pages"}],"about":[{"href":"https:\/\/www.adobecar.com\/fr\/wp-json\/wp\/v2\/types\/page"}],"author":[{"embeddable":true,"href":"https:\/\/www.adobecar.com\/fr\/wp-json\/wp\/v2\/users\/12"}],"replies":[{"embeddable":true,"href":"https:\/\/www.adobecar.com\/fr\/wp-json\/wp\/v2\/comments?post=17536"}],"version-history":[{"count":0,"href":"https:\/\/www.adobecar.com\/fr\/wp-json\/wp\/v2\/pages\/17536\/revisions"}],"wp:attachment":[{"href":"https:\/\/www.adobecar.com\/fr\/wp-json\/wp\/v2\/media?parent=17536"}],"curies":[{"name":"wp","href":"https:\/\/api.w.org\/{rel}","templated":true}]}}