{"id":17510,"date":"2022-04-19T00:11:20","date_gmt":"2022-04-19T06:11:20","guid":{"rendered":"https:\/\/www.adobecar.com\/?page_id=17510"},"modified":"2024-02-13T23:11:40","modified_gmt":"2024-02-14T05:11:40","slug":"adobe-resultats","status":"publish","type":"page","link":"https:\/\/www.adobecar.com\/fr\/adobe-resultats\/","title":{"rendered":"Adobe R\u00e9sultats"},"content":{"rendered":"\n\n<style>.kb-row-layout-id17510_be170c-d5 > .kt-row-column-wrap{align-content:start;}:where(.kb-row-layout-id17510_be170c-d5 > .kt-row-column-wrap) > .wp-block-kadence-column{justify-content:start;}.kb-row-layout-id17510_be170c-d5 > .kt-row-column-wrap{column-gap:var(--global-kb-gap-md, 2rem);row-gap:var(--global-kb-gap-md, 2rem);padding-top:0px;padding-bottom:0px;grid-template-columns:minmax(0, 1fr);}.kb-row-layout-id17510_be170c-d5 > .kt-row-layout-overlay{opacity:0.30;}@media all and (max-width: 1024px){.kb-row-layout-id17510_be170c-d5 > .kt-row-column-wrap{grid-template-columns:minmax(0, 1fr);}}@media all and (max-width: 767px){.kb-row-layout-id17510_be170c-d5 > .kt-row-column-wrap{grid-template-columns:minmax(0, 1fr);}}<\/style><div class=\"kb-row-layout-wrap kb-row-layout-id17510_be170c-d5 alignnone wp-block-kadence-rowlayout\"><div class=\"kt-row-column-wrap kt-has-1-columns kt-row-layout-equal kt-tab-layout-inherit kt-mobile-layout-row kt-row-valign-top\">\n<style>.kadence-column17510_ba02ca-88 > .kt-inside-inner-col,.kadence-column17510_ba02ca-88 > .kt-inside-inner-col:before{border-top-left-radius:0px;border-top-right-radius:0px;border-bottom-right-radius:0px;border-bottom-left-radius:0px;}.kadence-column17510_ba02ca-88 > .kt-inside-inner-col{column-gap:var(--global-kb-gap-sm, 1rem);}.kadence-column17510_ba02ca-88 > .kt-inside-inner-col{flex-direction:column;}.kadence-column17510_ba02ca-88 > .kt-inside-inner-col > .aligncenter{width:100%;}.kadence-column17510_ba02ca-88 > .kt-inside-inner-col:before{opacity:0.3;}.kadence-column17510_ba02ca-88{position:relative;}@media all and (max-width: 1024px){.kadence-column17510_ba02ca-88 > .kt-inside-inner-col{flex-direction:column;justify-content:center;}}@media all and (max-width: 767px){.kadence-column17510_ba02ca-88 > .kt-inside-inner-col{flex-direction:column;justify-content:center;}}<\/style>\n<div class=\"wp-block-kadence-column kadence-column17510_ba02ca-88\"><div class=\"kt-inside-inner-col\"><section class=\"adobe-flow-wrapper availability-page-wrapper\">\n    \n<div class=\"search-fix search-full-bar\">\n    <div class=\"container-wrapper\">\n        <form class=\"form-filter adobe-form\">\n            <div class=\"row-flex main-row\">\n                <div class=\"columns column-md-3\">\n                    <div class=\"row-flex\">\n                                                    <a href=\"#\" class=\"btn btn-link btn-show-search hidden-md hidden-lg col-sm-3 col-xs-4\">Chercher \u00e0 nouveau<\/a>\n                            <div class=\"fields-row columns column-1\">\n                                <select class=\"form-control order-results\" name=\"order_results\">\n                                    <option value=\"-1\">Trier les r\u00e9sultats par<\/option>\n                                    <option value=\"price_low\" >Prix le plus bas en premier<\/option>\n                                    <option value=\"popular\" >Le plus populaire en premier<\/option>\n                                <\/select>\n                            <\/div>\n                                            <\/div>\n                <\/div>\n                <div class=\"columns column-md-9 form-row\">\n                    <div class=\"fields-row search-wrapper-fields\">\n                        \t<div class=\"fields-wrapper\">\r\n\t\t<div class=\"first pickup-wrapper dropdown-pick required\">\r\n\t\t\t<span class=\"label\">Bureau de ramassage<\/span>\r\n\t\t\t<div class=\"dropdown\">\r\n\t\t\t\t<button class=\"form-control button-pick pick-up-place\" type=\"button\" data-toggle=\"dropdown\" aria-haspopup=\"true\" aria-expanded=\"true\">\r\n\t\t\t\t\tBureau de ramassage\t\t\t\t<\/button>\r\n\t\t\t\t<span class=\"error help-block\">Vous devez indiquer o\u00f9 le v\u00e9hicule sera r\u00e9cup\u00e9r\u00e9<\/span>\r\n\t\t\t\t\r\n\t\t\t\t\t\t\t\t<ul class=\"dropdown-menu\" aria-labelledby=\"pick-up-place\">\r\n\t\t\t\t\t<li>\r\n\t\t\t\t\t\t<a class=\"place-title\">Fortuna<\/a>\r\n\t\t\t\t\t\t<a data-toggle=\"modal\" data-target=\"#pick-up-map\" class=\"toggle-map\"><span class=\"icon\">https:\/\/www.adobecar.com\/wp-content\/plugins\/adobe-renting-flow\/assets\/images\/icon-map-pin.svg<\/span><\/a>\r\n\t\t\t\t\t<\/li>\r\n\t\t\t\t<\/ul>\r\n\t\t\t<\/div>\r\n\t\t\t<input type=\"hidden\" name=\"pick_up_place\" data-trip=\"pick-up\" class=\"input-pick input-validate pick-up-input\" value=\"\">\r\n\t\t<\/div>\r\n\t\t\r\n\t\t<div class=\"last dropoff-wrapper dropdown-pick required\">\r\n\t\t\t<span class=\"label\">Bureau de d\u00e9p\u00f4t<\/span>\r\n\t\t\t<div class=\"dropdown\">\r\n\t\t\t\t<button class=\"form-control dropdown-toggle button-pick drop-off-place\" type=\"button\" data-toggle=\"dropdown\" aria-haspopup=\"true\" aria-expanded=\"true\">Bureau de d\u00e9p\u00f4t<\/button>\r\n\t\t\t\t<span class=\"error help-block\">Vous devez indiquer o\u00f9 le v\u00e9hicule sera d\u00e9pos\u00e9<\/span>\r\n\t\t\t\t\r\n\t\t\t\t\t\t\t\t<ul class=\"dropdown-menu\" aria-labelledby=\"pick-up-place\">\r\n\t\t\t\t\t<li>\r\n\t\t\t\t\t\t<a class=\"place-title\">Fortuna<\/a>\r\n\t\t\t\t\t\t<a data-toggle=\"modal\" data-target=\"#pick-up-map\" class=\"toggle-map\"><span class=\"icon\">https:\/\/www.adobecar.com\/wp-content\/plugins\/adobe-renting-flow\/assets\/images\/icon-map-pin.svg<\/span><\/a>\r\n\t\t\t\t\t<\/li>\r\n\t\t\t\t<\/ul>\r\n\t\t\t<\/div>\r\n\t\t\t<input type=\"hidden\" name=\"drop_off_place\" data-trip=\"drop-off\" class=\"input-pick input-validate drop-off-input\" value=\"\">\r\n\t\t<\/div>\r\n\t<\/div>\r\n\t\n                        \t<div class=\"fields-wrapper\">\r\n\t\t<div class=\"date-wrapper\">\r\n\t\t\t<span class=\"label\">Ramasser une date<\/span>\r\n\t\t\t<div class=\"calendar-group\">\r\n\t\t\t\t<input id=\"pick-up-date_view\" type=\"text\" class=\"form-control date-from pick-up-date_view\" placeholder=\"05 Avr\" readonly=\"readonly\" data-val=\"2026-04-06\" \/>\r\n\t\t\t\t<input type=\"hidden\" class=\"form-control date-input input-from pick-up-date\" name=\"pick_up_date\" value=\"2026-04-06\" \/>\r\n\r\n\t\t\t\t<span class=\"calendar-icon\">\r\n\t\t\t\t\t<i class=\"icon-date\"><\/i>\r\n\t\t\t\t<\/span>\r\n\t\t\t<\/div>\r\n\r\n\t\t\t\t\t\t\t<div class=\"hour-group\">\r\n\t\t\t\t\t<select name=\"pick_up_time\" class=\"select-time pick-up-time\" data-current=\"08:00:00\" style=\"display: none\">\r\n\t\t\t\t\t\t<option value=\"08:00:00\">02:00 AM<\/option>\r\n\t\t\t\t\t<\/select>\r\n\t\t\t\t\t<span class=\"hour-icon hour-trigger\">\r\n\t\t\t\t\t\t<i class=\"icon-clock\"><\/i>\r\n\t\t\t\t\t<\/span>\r\n\t\t\t\t<\/div>\r\n\t\t\t\t\t\t\r\n\t\t\t<span class=\"datefrom-picker\" style=\"display: block;\"><\/span>\r\n\t\t\t<span class=\"error help-block\">Vous devez indiquer une date<\/span>\r\n\t\t<\/div>\r\n\t\t<div class=\"date-wrapper\">\r\n\t\t\t<span class=\"label\">Date de retour<\/span>\r\n\t\t\t<div class=\"calendar-group\">\r\n\t\t\t\t<input id=\"drop-off-date_view\" type=\"text\" class=\"form-control date-to drop-off-date_view\" placeholder=\"11 Avr\" readonly=\"readonly\" data-val=\"2026-04-12\" \/>\r\n\t\t\t\t<input type=\"hidden\" class=\"form-control date-input input-to drop-off-date\" name=\"drop_off_date\" value=\"2026-04-12\" \/>\r\n\r\n\t\t\t\t<span class=\"calendar-icon\">\r\n\t\t\t\t\t<i class=\"icon-date\"><\/i>\r\n\t\t\t\t<\/span>\r\n\t\t\t<\/div>\r\n\r\n\t\t\t\t\t\t\t<div class=\"hour-group\">\r\n\t\t\t\t\t<select name=\"drop_off_time\" class=\"select-time drop-off-time\" data-current=\"08:00:00\" style=\"display: none\">\r\n\t\t\t\t\t\t<option value=\"08:00:00\">02:00 AM<\/option>\r\n\t\t\t\t\t<\/select>\r\n\t\t\t\t\t<span class=\"hour-icon hour-trigger\">\r\n\t\t\t\t\t\t<i class=\"icon-clock\"><\/i>\r\n\t\t\t\t\t<\/span>\r\n\t\t\t\t<\/div>\r\n\t\t\t\t\t\t\r\n\t\t\t<span class=\"dateto-picker\" style=\"display: block;\"><\/span>\r\n\t\t\t<span class=\"error help-block\">Vous devez indiquer une date<\/span>\r\n\t\t<\/div>\r\n\t<\/div>\r\n\t                    <\/div>\n                <\/div>\n            <\/div>\n        <\/form>\n    <\/div>\n<\/div>    \n    <div class=\"content-result main-content\">\n        <div class=\"container-wrapper\">\n            <div class=\"row-flex\">\n                <div class=\"columns column-md-3 sidebar-filter-container\">\n                    \t<div class=\"hide-to-md mobile-filter-trigger\">\r\n\t\t<div class=\"dropdown-pick\">\r\n\t\t\t<a class=\"button-pick-mobile\" href=\"#filtro-mobile\">Filtrer les voitures par <i class=\"fa fa-filter\"><\/i><\/a>\r\n\t\t\t<small>Tous les prix s'entendent taxes comprises<\/small> \t\r\n\t\t<\/div>\r\n\t<\/div>\r\n\t\t\r\n\t<div class=\"filter-wrapper\">\r\n\t\t<div class=\"heading hide-from-md\">\r\n\t\t\t<p>Filtrer les voitures par:<\/p>\r\n\t\t<\/div>\r\n\t\t<div class=\"filtro-desktop-wrapper\">\r\n\t\t\t<div class=\"sidebar-filter\">\r\n\t\t\t\t\t\t\t\t\t<div class=\"filter-group capacity\">\r\n\t\t\t\t\t\t<label class=\"title\">Capacit\u00e9<\/label>\r\n\t\t\t\t\t\t<input type=\"hidden\" name=\"capacity\" class=\"capacity input-filter\" value=\"\">\r\n\t\t\t\t\t\t\t\t\t\t\t\t\t<div class=\"custom-checkbox\">\r\n\t\t\t\t\t\t\t\t<input type=\"checkbox\" id=\"d-1-4\" data-name=\"capacity\" class=\"capacity\" value=\"1-4\"  \/><label for=\"d-1-4\">1-4 passagers<\/label>\r\n\t\t\t\t\t\t\t<\/div>\r\n\t\t\t\t\t\t\t\t\t\t\t\t\t<div class=\"custom-checkbox\">\r\n\t\t\t\t\t\t\t\t<input type=\"checkbox\" id=\"d-5-6\" data-name=\"capacity\" class=\"capacity\" value=\"5-6\"  \/><label for=\"d-5-6\">5-6 passagers<\/label>\r\n\t\t\t\t\t\t\t<\/div>\r\n\t\t\t\t\t\t\t\t\t\t\t\t\t<div class=\"custom-checkbox\">\r\n\t\t\t\t\t\t\t\t<input type=\"checkbox\" id=\"d-7\" data-name=\"capacity\" class=\"capacity\" value=\"7\"  \/><label for=\"d-7\">7 ou plusieurs passagers<\/label>\r\n\t\t\t\t\t\t\t<\/div>\r\n\t\t\t\t\t\t\t\t\t\t\t<\/div>\r\n\t\t\t\t\t\t\t\t\t<div class=\"filter-group transmission\">\r\n\t\t\t\t\t\t<label class=\"title\">Transmission<\/label>\r\n\t\t\t\t\t\t<input type=\"hidden\" name=\"transmission\" class=\"transmission input-filter\" value=\"\">\r\n\t\t\t\t\t\t\t\t\t\t\t\t\t<div class=\"custom-checkbox\">\r\n\t\t\t\t\t\t\t\t<input type=\"checkbox\" id=\"d-manual\" data-name=\"transmission\" class=\"transmission\" value=\"manual\"  \/><label for=\"d-manual\">Manuelle<\/label>\r\n\t\t\t\t\t\t\t<\/div>\r\n\t\t\t\t\t\t\t\t\t\t\t\t\t<div class=\"custom-checkbox\">\r\n\t\t\t\t\t\t\t\t<input type=\"checkbox\" id=\"d-automatic\" data-name=\"transmission\" class=\"transmission\" value=\"automatic\"  \/><label for=\"d-automatic\">Automatique<\/label>\r\n\t\t\t\t\t\t\t<\/div>\r\n\t\t\t\t\t\t\t\t\t\t\t<\/div>\r\n\t\t\t\t\t\t\t\t\t<div class=\"filter-group traction\">\r\n\t\t\t\t\t\t<label class=\"title\">Actions<\/label>\r\n\t\t\t\t\t\t<input type=\"hidden\" name=\"traction\" class=\"traction input-filter\" value=\"\">\r\n\t\t\t\t\t\t\t\t\t\t\t\t\t<div class=\"custom-checkbox\">\r\n\t\t\t\t\t\t\t\t<input type=\"checkbox\" id=\"d-4x4\" data-name=\"traction\" class=\"traction\" value=\"4x4\"  \/><label for=\"d-4x4\">4WD<\/label>\r\n\t\t\t\t\t\t\t<\/div>\r\n\t\t\t\t\t\t\t\t\t\t\t\t\t<div class=\"custom-checkbox\">\r\n\t\t\t\t\t\t\t\t<input type=\"checkbox\" id=\"d-4x2\" data-name=\"traction\" class=\"traction\" value=\"4x2\"  \/><label for=\"d-4x2\">2WD<\/label>\r\n\t\t\t\t\t\t\t<\/div>\r\n\t\t\t\t\t\t\t\t\t\t\t<\/div>\r\n\t\t\t\t\t\t\t<\/div>\r\n\t\t<\/div>\r\n\t<\/div>\r\n\t                <\/div>\n                \n                <div class=\"columns column-md-9 result-listing-container\">\n                    <div class=\"note-result\">\n\t\t\t<div class=\"main-result\">\n\t\t\t<div class=\"result-top-wrapper\">\n\t\t\t\t<input type=\"hidden\" class=\"response-adobe\" name=\"response_adobe\" value=\"[]\">\n\t\t\t\t<p>Aucun r\u00e9sultat<\/p>\n\n\t\t\t\t\t\t\t<\/div>\n\n\t\t\t\n\t\t\n\t\n\t\t\t\t\t\t\t<div class=\"types-car-wrapper\">\n\t\t\t\t\t<ul id=\"lightSlider\" class=\"clearfix listing-types-car\">\n\t\t\t\t\t\t<li class=\"current-type\"><a href=\"#\" class=\"type_of_car\" data-value=\"-1\">Tout<\/a><\/li>\n\t\t\t\t\t\t\t\t\t\t\t\t\t<li class=\"\"><a href=\"#\" class=\"type_of_car\" data-value=\"sedan\">Berline<\/a><\/li>\n\t\t\t\t\t\t\t\t\t\t\t\t\t<li class=\"\"><a href=\"#\" class=\"type_of_car\" data-value=\"suv\">SUV<\/a><\/li>\n\t\t\t\t\t\t\t\t\t\t\t\t\t<li class=\"\"><a href=\"#\" class=\"type_of_car\" data-value=\"van\">Vans<\/a><\/li>\n\t\t\t\t\t\t\t\t\t\t\t\t\t<li class=\"\"><a href=\"#\" class=\"type_of_car\" data-value=\"truck\">Comercial<\/a><\/li>\n\t\t\t\t\t\t\t\t\t\t\t<\/ul>\n\t\t\t\t\t<input type=\"hidden\" name=\"type_of_car\" value=\"-1\">\n\t\t\t\t<\/div>\n\t\t\t\n\t\t\t<div class=\"result-listing-wrapper\">\n\t\t\t\t\t\t\t\t\t\t<div class=\"msj-noresults\">\n\t\t\t\t\t\t\t<img decoding=\"async\" src=\"https:\/\/www.adobecar.com\/wp-content\/plugins\/adobe-renting-flow\/assets\/images\/icon-not-found.svg\">\n\t\t\t\t\t\t\t<span>Pour ces dates sp\u00e9cifiques, nous n'avons pas de voitures disponibles pour <strong> -<\/strong> <strong> <\/strong><\/span>\n\t\t\t\t\t\t<\/div>\n\t\t\t\t\t\t\t\t\t<\/div>\n\t\t<\/div>\n\n\t<\/div>                <\/div>\n            <\/div>\n        <\/div>\n    <\/div>\n<\/section>\n<\/div><\/div>\n\n<\/div><\/div>","protected":false},"excerpt":{"rendered":"","protected":false},"author":1,"featured_media":0,"parent":0,"menu_order":0,"comment_status":"closed","ping_status":"closed","template":"page-resultados.php","meta":{"_acf_changed":false,"_kad_post_transparent":"","_kad_post_title":"","_kad_post_layout":"","_kad_post_sidebar_id":"","_kad_post_content_style":"","_kad_post_vertical_padding":"","_kad_post_feature":"","_kad_post_feature_position":"","_kad_post_header":false,"_kad_post_footer":false,"_kad_post_classname":"","footnotes":""},"class_list":["post-17510","page","type-page","status-publish","hentry"],"acf":[],"yoast_head":"<!-- This site is optimized with the Yoast SEO Premium plugin v26.9 (Yoast SEO v26.9) - https:\/\/yoast.com\/product\/yoast-seo-premium-wordpress\/ -->\n<title>Adobe R\u00e9sultats - Adobe Rent a Car 2025<\/title>\n<meta name=\"description\" content=\"\u27a1\ufe0f - Adobe Rent a Car 2025 - Adobe R\u00e9sultats\" \/>\n<meta name=\"robots\" content=\"noindex, follow\" \/>\n<meta property=\"og:locale\" content=\"fr_FR\" \/>\n<meta property=\"og:type\" content=\"article\" \/>\n<meta property=\"og:title\" content=\"Adobe R\u00e9sultats - Adobe Rent a Car 2025\" \/>\n<meta property=\"og:description\" content=\"\u27a1\ufe0f - Adobe Rent a Car 2025 - Adobe R\u00e9sultats\" \/>\n<meta property=\"og:url\" content=\"https:\/\/www.adobecar.com\/fr\/adobe-resultats\/\" \/>\n<meta property=\"og:site_name\" content=\"Adobe Rent a Car 2025\" \/>\n<meta property=\"article:publisher\" content=\"https:\/\/www.facebook.com\/adobecar\" \/>\n<meta property=\"article:modified_time\" content=\"2024-02-14T05:11:40+00:00\" \/>\n<meta property=\"og:image\" content=\"https:\/\/www.adobecar.com\/wp-content\/uploads\/2023\/06\/MAPA-682x280-SAN-JOSE.jpg\" \/>\n\t<meta property=\"og:image:width\" content=\"682\" \/>\n\t<meta property=\"og:image:height\" content=\"280\" \/>\n\t<meta property=\"og:image:type\" content=\"image\/jpeg\" \/>\n<meta name=\"twitter:card\" content=\"summary_large_image\" \/>\n<meta name=\"twitter:site\" content=\"@adoberentacar\" \/>\n<script type=\"application\/ld+json\" class=\"yoast-schema-graph\">{\"@context\":\"https:\/\/schema.org\",\"@graph\":[{\"@type\":\"WebPage\",\"@id\":\"https:\/\/www.adobecar.com\/fr\/adobe-resultats\/\",\"url\":\"https:\/\/www.adobecar.com\/fr\/adobe-resultats\/\",\"name\":\"Adobe R\u00e9sultats - Adobe Rent a Car 2025\",\"isPartOf\":{\"@id\":\"https:\/\/www.adobecar.com\/fr\/#website\"},\"datePublished\":\"2022-04-19T06:11:20+00:00\",\"dateModified\":\"2024-02-14T05:11:40+00:00\",\"description\":\"\u27a1\ufe0f - Adobe Rent a Car 2025 - Adobe R\u00e9sultats\",\"breadcrumb\":{\"@id\":\"https:\/\/www.adobecar.com\/fr\/adobe-resultats\/#breadcrumb\"},\"inLanguage\":\"fr-FR\",\"potentialAction\":[{\"@type\":\"ReadAction\",\"target\":[\"https:\/\/www.adobecar.com\/fr\/adobe-resultats\/\"]}]},{\"@type\":\"BreadcrumbList\",\"@id\":\"https:\/\/www.adobecar.com\/fr\/adobe-resultats\/#breadcrumb\",\"itemListElement\":[{\"@type\":\"ListItem\",\"position\":1,\"name\":\"Location de voitures\",\"item\":\"https:\/\/www.adobecar.com\/fr\/\"},{\"@type\":\"ListItem\",\"position\":2,\"name\":\"Adobe R\u00e9sultats\"}]},{\"@type\":\"WebSite\",\"@id\":\"https:\/\/www.adobecar.com\/fr\/#website\",\"url\":\"https:\/\/www.adobecar.com\/fr\/\",\"name\":\"Adobe Rent a Car 2025\",\"description\":\"Largest local car rental company in Costa Rica\",\"publisher\":{\"@id\":\"https:\/\/www.adobecar.com\/fr\/#organization\"},\"alternateName\":\"ARC Car Rental\",\"potentialAction\":[{\"@type\":\"SearchAction\",\"target\":{\"@type\":\"EntryPoint\",\"urlTemplate\":\"https:\/\/www.adobecar.com\/fr\/?s={search_term_string}\"},\"query-input\":{\"@type\":\"PropertyValueSpecification\",\"valueRequired\":true,\"valueName\":\"search_term_string\"}}],\"inLanguage\":\"fr-FR\"},{\"@type\":[\"Organization\",\"Place\"],\"@id\":\"https:\/\/www.adobecar.com\/fr\/#organization\",\"name\":\"Adobe Rent a Car\",\"url\":\"https:\/\/www.adobecar.com\/fr\/\",\"logo\":{\"@type\":\"ImageObject\",\"inLanguage\":\"fr-FR\",\"@id\":\"https:\/\/www.adobecar.com\/fr\/#\/schema\/logo\/image\/\",\"url\":\"https:\/\/www.adobecar.com\/wp-content\/uploads\/2020\/05\/logo-ARC.png\",\"contentUrl\":\"https:\/\/www.adobecar.com\/wp-content\/uploads\/2020\/05\/logo-ARC.png\",\"width\":170,\"height\":78,\"caption\":\"Adobe Rent a Car\"},\"image\":{\"@id\":\"https:\/\/www.adobecar.com\/fr\/#\/schema\/logo\/image\/\"},\"sameAs\":[\"https:\/\/www.facebook.com\/adobecar\",\"https:\/\/x.com\/adoberentacar\",\"https:\/\/www.instagram.com\/adoberentacar\/\",\"https:\/\/www.linkedin.com\/company\/adobe-rent-a-car\",\"https:\/\/www.youtube.com\/channel\/UCPJfc3n7wu_7aR8H_nd6VJQ\"],\"mainEntityOfPage\":{\"@id\":\"https:\/\/www.adobecar.com\/fr\/adobe-resultats\/\"}}]}<\/script>\n<!-- \/ Yoast SEO Premium plugin. -->","yoast_head_json":{"title":"Adobe R\u00e9sultats - Adobe Rent a Car 2025","description":"\u27a1\ufe0f - Adobe Rent a Car 2025 - Adobe R\u00e9sultats","robots":{"index":"noindex","follow":"follow"},"og_locale":"fr_FR","og_type":"article","og_title":"Adobe R\u00e9sultats - Adobe Rent a Car 2025","og_description":"\u27a1\ufe0f - Adobe Rent a Car 2025 - Adobe R\u00e9sultats","og_url":"https:\/\/www.adobecar.com\/fr\/adobe-resultats\/","og_site_name":"Adobe Rent a Car 2025","article_publisher":"https:\/\/www.facebook.com\/adobecar","article_modified_time":"2024-02-14T05:11:40+00:00","og_image":[{"width":682,"height":280,"url":"https:\/\/www.adobecar.com\/wp-content\/uploads\/2023\/06\/MAPA-682x280-SAN-JOSE.jpg","type":"image\/jpeg"}],"twitter_card":"summary_large_image","twitter_site":"@adoberentacar","schema":{"@context":"https:\/\/schema.org","@graph":[{"@type":"WebPage","@id":"https:\/\/www.adobecar.com\/fr\/adobe-resultats\/","url":"https:\/\/www.adobecar.com\/fr\/adobe-resultats\/","name":"Adobe R\u00e9sultats - Adobe Rent a Car 2025","isPartOf":{"@id":"https:\/\/www.adobecar.com\/fr\/#website"},"datePublished":"2022-04-19T06:11:20+00:00","dateModified":"2024-02-14T05:11:40+00:00","description":"\u27a1\ufe0f - Adobe Rent a Car 2025 - Adobe R\u00e9sultats","breadcrumb":{"@id":"https:\/\/www.adobecar.com\/fr\/adobe-resultats\/#breadcrumb"},"inLanguage":"fr-FR","potentialAction":[{"@type":"ReadAction","target":["https:\/\/www.adobecar.com\/fr\/adobe-resultats\/"]}]},{"@type":"BreadcrumbList","@id":"https:\/\/www.adobecar.com\/fr\/adobe-resultats\/#breadcrumb","itemListElement":[{"@type":"ListItem","position":1,"name":"Location de voitures","item":"https:\/\/www.adobecar.com\/fr\/"},{"@type":"ListItem","position":2,"name":"Adobe R\u00e9sultats"}]},{"@type":"WebSite","@id":"https:\/\/www.adobecar.com\/fr\/#website","url":"https:\/\/www.adobecar.com\/fr\/","name":"Adobe Rent a Car 2025","description":"Largest local car rental company in Costa Rica","publisher":{"@id":"https:\/\/www.adobecar.com\/fr\/#organization"},"alternateName":"ARC Car Rental","potentialAction":[{"@type":"SearchAction","target":{"@type":"EntryPoint","urlTemplate":"https:\/\/www.adobecar.com\/fr\/?s={search_term_string}"},"query-input":{"@type":"PropertyValueSpecification","valueRequired":true,"valueName":"search_term_string"}}],"inLanguage":"fr-FR"},{"@type":["Organization","Place"],"@id":"https:\/\/www.adobecar.com\/fr\/#organization","name":"Adobe Rent a Car","url":"https:\/\/www.adobecar.com\/fr\/","logo":{"@type":"ImageObject","inLanguage":"fr-FR","@id":"https:\/\/www.adobecar.com\/fr\/#\/schema\/logo\/image\/","url":"https:\/\/www.adobecar.com\/wp-content\/uploads\/2020\/05\/logo-ARC.png","contentUrl":"https:\/\/www.adobecar.com\/wp-content\/uploads\/2020\/05\/logo-ARC.png","width":170,"height":78,"caption":"Adobe Rent a Car"},"image":{"@id":"https:\/\/www.adobecar.com\/fr\/#\/schema\/logo\/image\/"},"sameAs":["https:\/\/www.facebook.com\/adobecar","https:\/\/x.com\/adoberentacar","https:\/\/www.instagram.com\/adoberentacar\/","https:\/\/www.linkedin.com\/company\/adobe-rent-a-car","https:\/\/www.youtube.com\/channel\/UCPJfc3n7wu_7aR8H_nd6VJQ"],"mainEntityOfPage":{"@id":"https:\/\/www.adobecar.com\/fr\/adobe-resultats\/"}}]}},"_links":{"self":[{"href":"https:\/\/www.adobecar.com\/fr\/wp-json\/wp\/v2\/pages\/17510","targetHints":{"allow":["GET"]}}],"collection":[{"href":"https:\/\/www.adobecar.com\/fr\/wp-json\/wp\/v2\/pages"}],"about":[{"href":"https:\/\/www.adobecar.com\/fr\/wp-json\/wp\/v2\/types\/page"}],"author":[{"embeddable":true,"href":"https:\/\/www.adobecar.com\/fr\/wp-json\/wp\/v2\/users\/1"}],"replies":[{"embeddable":true,"href":"https:\/\/www.adobecar.com\/fr\/wp-json\/wp\/v2\/comments?post=17510"}],"version-history":[{"count":0,"href":"https:\/\/www.adobecar.com\/fr\/wp-json\/wp\/v2\/pages\/17510\/revisions"}],"wp:attachment":[{"href":"https:\/\/www.adobecar.com\/fr\/wp-json\/wp\/v2\/media?parent=17510"}],"curies":[{"name":"wp","href":"https:\/\/api.w.org\/{rel}","templated":true}]}}