{"id":16813,"date":"2022-01-14T17:59:24","date_gmt":"2022-01-14T23:59:24","guid":{"rendered":"https:\/\/www.adobecar.com\/?page_id=16813"},"modified":"2024-03-05T00:16:05","modified_gmt":"2024-03-05T06:16:05","slug":"conditions-dutilisation-du-plan-de-fidelite","status":"publish","type":"page","link":"https:\/\/www.adobecar.com\/fr\/conditions-dutilisation-du-plan-de-fidelite\/","title":{"rendered":"Conditions d&rsquo;utilisation du plan de fid\u00e9lit\u00e9"},"content":{"rendered":"<h2 style=\"text-align: center;\"><b>Adobe ADOBE RENT A CAR<\/b><\/h2>\n<h3 style=\"text-align: center;\"><b>Mentions l\u00e9gales et conditions d&rsquo;utilisation de l&rsquo;application Adobe Mas plan de fid\u00e9lit\u00e9<\/b><\/h3>\n<p><span style=\"font-weight: 400;\">Ces conditions d&rsquo;utilisation (ci-apr\u00e8s, les \u00ab\u00a0Conditions d&rsquo;utilisation\u00a0\u00bb) r\u00e9gissent les conditions d&rsquo;utilisation de cette application, vous (l'\u00a0\u00bbutilisateur\u00a0\u00bb) devez donc les lire et les comprendre avant de commencer \u00e0 l&rsquo;utiliser. L&rsquo;utilisation de cette application et\/ou des applications mobiles associ\u00e9es signifie que l&rsquo;utilisateur a lu et compris et accepte les pr\u00e9sentes conditions d&rsquo;utilisation.\u00a0<\/span><\/p>\n<p><b>Propri\u00e9taire de l&rsquo;application.\u00a0<\/b><\/p>\n<p><span style=\"font-weight: 400;\">Notre application et son contenu sont un projet dont l&rsquo;initiative, la coordination et la publication appartiennent exclusivement \u00e0 RENTE UN AUTO ESMERALDA S.A., une soci\u00e9t\u00e9 domicili\u00e9e en R\u00e9publique du Costa Rica, avec le num\u00e9ro d&rsquo;identit\u00e9 l\u00e9gale 3-101-88140\u00a0; et ses filiales et\/ou soci\u00e9t\u00e9s affili\u00e9es (ci-apr\u00e8s d\u00e9nomm\u00e9es \u00ab\u00a0Adobe Rent a Car\u00a0\u00bb, \u00ab\u00a0Adobe\u00a0\u00bb ou \u00ab\u00a0nous\u00a0\u00bb).\u00a0<\/span><\/p>\n<p><b>Utilisations autoris\u00e9es et non autoris\u00e9es.<\/b><\/p>\n<p><span style=\"font-weight: 400;\">Les utilisateurs peuvent utiliser cette application uniquement et exclusivement pour acc\u00e9der \u00e0 ses informations disponibles et pour utiliser et profiter des services fournis par Adobe.\u00a0<\/span><\/p>\n<p><span style=\"font-weight: 400;\">Aucun utilisateur ne peut utiliser cette application \u00e0 des fins ill\u00e9gales ou non express\u00e9ment autoris\u00e9es par les pr\u00e9sentes conditions d&rsquo;utilisation ou par tout contrat sign\u00e9 avec Adobe. Entre autres choses, personne ne peut utiliser cette application d&rsquo;une mani\u00e8re qui pourrait l&rsquo;endommager, la d\u00e9sactiver, la surcharger ou la d\u00e9t\u00e9riorer, ni ses programmes informatiques ou ses r\u00e9seaux. L&rsquo;utilisateur ne peut pas utiliser cette application d&rsquo;une mani\u00e8re non autoris\u00e9e, y compris, mais sans s&rsquo;y limiter, des transgressions ou des surcharges de la capacit\u00e9 du r\u00e9seau. Aucun utilisateur n&rsquo;est autoris\u00e9 \u00e0 acc\u00e9der ou \u00e0 tenter d&rsquo;acc\u00e9der \u00e0 tout mat\u00e9riel ou information d&rsquo;Adobe ou de ses syst\u00e8mes, par un moyen qu&rsquo;Adobe n&rsquo;ait pas explicitement mis \u00e0 disposition \u00e0 cette fin. L&rsquo;utilisateur sera responsable d&rsquo;indemniser Adobe et les tiers pour toute perte ou dommage subi par eux en raison de l&rsquo;utilisation ill\u00e9gitime de cette application. Dans tous les cas, une utilisation inappropri\u00e9e ou ill\u00e9gitime, ou une violation des Conditions d&rsquo;utilisation et\/ou des contrats de service par l&rsquo;utilisateur autorisera Adobe \u00e0 suspendre, limiter ou r\u00e9silier l&rsquo;acc\u00e8s de l&rsquo;utilisateur sans qu&rsquo;il soit n\u00e9cessaire de le lui notifier au pr\u00e9alable.<\/span><\/p>\n<p><b>Propri\u00e9t\u00e9 intellectuelle.\u00a0<\/b><\/p>\n<p><span style=\"font-weight: 400;\">Cette application, ses textes, ses graphismes et dessins, marques, noms commerciaux, logos, phrases publicitaires et autres signes distinctifs, ses logiciels, ses codes sources et objets, ses photographies, ses sons et animations, le contenu des \u00e9crans, bases de donn\u00e9es et les autres \u00e9l\u00e9ments de propri\u00e9t\u00e9 intellectuelle sont prot\u00e9g\u00e9s par les conventions internationales et par les lois internes de la R\u00e9publique du Costa Rica sur la propri\u00e9t\u00e9 intellectuelle. Ils appartiennent exclusivement \u00e0 Adobe et\/ou \u00e0 ses soci\u00e9t\u00e9s affili\u00e9es, sauf indication contraire expresse et n&rsquo;ont pas \u00e9t\u00e9 c\u00e9d\u00e9s et ne font pas partie du domaine public. L&rsquo;acc\u00e8s et l&rsquo;utilisation de cette application ne conf\u00e8rent aux utilisateurs aucun droit de propri\u00e9t\u00e9 intellectuelle sur son contenu.\u00a0<\/span><\/p>\n<p><span style=\"font-weight: 400;\">La reproduction temporaire de l&rsquo;application Adobe n&rsquo;est autoris\u00e9e que pour une visualisation temporaire par un particulier, sur \u00e9cran d&rsquo;ordinateur ou mobile et \u00e0 condition qu&rsquo;elle soit effectu\u00e9e sans intention lucrative. Ainsi, toute copie ou reproduction, conservation temporaire ou permanente, adaptation, alt\u00e9ration, mutilation, transformation, \u00e9dition, divulgation au public, mise \u00e0 disposition du public, diffusion, transmission sous quelque forme et par quelque moyen que ce soit, et d&rsquo;une mani\u00e8re g\u00e9n\u00e9rale toute forme d\u2019utilisation, analogique ou num\u00e9rique, par tout proc\u00e9d\u00e9 ou syst\u00e8me connu ou \u00e0 conna\u00eetre, est express\u00e9ment interdite, sans l&rsquo;autorisation \u00e9crite d&rsquo;Adobe.\u00a0<\/span><\/p>\n<p><span style=\"font-weight: 400;\">Aucune action ou utilisation d&rsquo;un appareil, d&rsquo;un logiciel ou d&rsquo;autres moyens n&rsquo;est autoris\u00e9e pour interf\u00e9rer avec les activit\u00e9s et le fonctionnement d&rsquo;Adobe ainsi qu&rsquo;avec les offres, descriptions, comptes ou bases de donn\u00e9es d&rsquo;Adobe. Toute exploitation ou utilisation non autoris\u00e9e de cette \u0153uvre collective, ou des diff\u00e9rentes \u0153uvres qui la composent, et toute ing\u00e9rence, tentative ou activit\u00e9 qui violerait ou contreviendrait aux lois sur les droits de propri\u00e9t\u00e9 intellectuelle et\/ou aux interdictions stipul\u00e9es dans les contrats et dans ees pr\u00e9sentes Conditions d\u2019Utilisation qui soumettront la personne responsable \u00e0 des poursuites judiciaires pertinentes et \u00e0 des sanctions pr\u00e9vues par les pr\u00e9sentes Conditions d&rsquo;Utilisation et par la loi, et il sera responsable de l&rsquo;indemnisation des dommages et pertes caus\u00e9s.\u00a0<\/span><\/p>\n<p><b>Continuit\u00e9 du service.\u00a0<\/b><\/p>\n<p><span style=\"font-weight: 400;\">Adobe fera de son mieux pour assurer la continuit\u00e9 de cette application pour les appareils mobiles qu&rsquo;il met \u00e0 la disposition de ses clients et utilisateurs. Cependant, Adobe peut, et est express\u00e9ment autoris\u00e9 par l&rsquo;Utilisateur, \u00e0 mettre \u00e0 jour, modifier ou suspendre temporairement et sans pr\u00e9avis le service pour des raisons de s\u00e9curit\u00e9, ou pour des raisons d&rsquo;opportunit\u00e9 ou de commodit\u00e9 pour le syst\u00e8me ou pour l&rsquo;utilisateur, telles que (mais non limit\u00e9 \u00e0) la maintenance ordinaire ou extraordinaire du site, l&rsquo;am\u00e9lioration des services fournis, ainsi que du fait des cas fortuits, de force majeure, et du fait de tiers. De m\u00eame, l&rsquo;utilisateur accepte que dans le cas des services fournis via Internet et les r\u00e9seaux mobiles, la qualit\u00e9 et la disponibilit\u00e9 de ces services peuvent \u00eatre affect\u00e9es par des facteurs ind\u00e9pendants de la volont\u00e9 d&rsquo;Adobe.<\/span><\/p>\n<p><span style=\"font-weight: 400;\">Adobe utilise des syst\u00e8mes de s\u00e9curit\u00e9 ad\u00e9quats. Cependant, Adobe n&rsquo;est pas responsable des dommages ou des pertes de toute nature r\u00e9sultant de l&rsquo;acc\u00e8s et de l&rsquo;utilisation de cette application, y compris, mais sans s&rsquo;y limiter, ceux produits dans les syst\u00e8mes informatiques, ou par des virus ou des attaques informatiques. Adobe ne sera pas responsable des dommages caus\u00e9s par des pannes, interruptions, absences ou d\u00e9fauts des t\u00e9l\u00e9communications.\u00a0<\/span><\/p>\n<p><span style=\"font-weight: 400;\">En cas de d\u00e9faillance ou d&rsquo;interruption du syst\u00e8me lors d&rsquo;une transaction, il appartiendra \u00e0 l&rsquo;utilisateur de v\u00e9rifier que ladite transaction s&rsquo;est d\u00e9roul\u00e9e correctement et de mani\u00e8re satisfaisante.\u00a0<\/span><\/p>\n<p><b>Modifications des syst\u00e8mes.\u00a0<\/b><\/p>\n<p><span style=\"font-weight: 400;\">L&rsquo;utilisateur autorise Adobe \u00e0 apporter, sans pr\u00e9avis, les modifications n\u00e9cessaires au syst\u00e8me \u00e9lectronique, afin de l&rsquo;am\u00e9liorer, de le mettre \u00e0 jour ou de l&rsquo;adapter \u00e0 l&rsquo;\u00e9volution des normes techniques et juridiques. Adobe se r\u00e9serve le droit de r\u00e9silier ou de modifier les attributs d&rsquo;accessibilit\u00e9, unilat\u00e9ralement et \u00e0 sa propre discr\u00e9tion, ainsi que les informations disponibles, les services qu&rsquo;elle propose et les op\u00e9rations qu&rsquo;elle autorise, raisonnablement et dans la mesure permise par la loi applicable.\u00a0<\/span><\/p>\n<p><b>Modifications des conditions d&rsquo;utilisation.\u00a0<\/b><\/p>\n<p><span style=\"font-weight: 400;\">Adobe se r\u00e9serve le droit de modifier les pr\u00e9sentes conditions d&rsquo;utilisation \u00e0 tout moment et d&rsquo;imposer des conditions nouvelles ou suppl\u00e9mentaires \u00e0 l&rsquo;utilisation des services. Ces modifications et conditions suppl\u00e9mentaires prendront effet imm\u00e9diatement et seront int\u00e9gr\u00e9es aux pr\u00e9sentes conditions. La poursuite de l&rsquo;utilisation des services par l&rsquo;utilisateur signifiera l\u2019acceptation desdites modifications. Par cons\u00e9quent, dans le cas o\u00f9 les modifications des termes et conditions d\u00e9crites ci-dessus ne sont pas accept\u00e9es, l&rsquo;utilisateur doit cesser d&rsquo;utiliser cette application imm\u00e9diatement.\u00a0<\/span><\/p>\n<p><b>Liens.\u00a0<\/b><\/p>\n<p><span style=\"font-weight: 400;\">Notre application peut contenir des liens ou des liens hypertextes vers d&rsquo;autres applications tierces ou des sites Web. Dans ces cas, Adobe n&rsquo;est pas responsable ni ne contr\u00f4le ni ne sponsorise le contenu, les produits ou les services fournis sur ces sites, de sorte que son utilisation est aux risques et p\u00e9rils de l&rsquo;utilisateur et non \u00e0 ceux d&rsquo;Adobe. En aucun cas Adobe ne r\u00e9pondra de la v\u00e9racit\u00e9, de l&rsquo;int\u00e9grit\u00e9 ou de la mise \u00e0 jour des informations qui ne sont pas les siennes.<\/span><\/p>\n<p><b>\u00c9quipement.\u00a0<\/b><\/p>\n<p><span style=\"font-weight: 400;\">L&rsquo;utilisateur de cette application a le droit d&rsquo;obtenir, d&rsquo;installer, d&rsquo;entretenir et d&rsquo;exploiter tous les \u00e9quipements, programmes informatiques et acc\u00e8s Internet n\u00e9cessaires pour acc\u00e9der et utiliser nos services \u00e9lectroniques. Adobe n&rsquo;est pas responsable des erreurs ou des probl\u00e8mes pouvant d\u00e9couler d&rsquo;une panne ou d&rsquo;un dysfonctionnement des ordinateurs, des programmes informatiques et de l&rsquo;acc\u00e8s \u00e0 Internet de l&rsquo;utilisateur.\u00a0<\/span><\/p>\n<p><b>Fonctionnalit\u00e9 et interop\u00e9rabilit\u00e9.\u00a0<\/b><\/p>\n<p><span style=\"font-weight: 400;\">L&rsquo;application Adobe utilise des technologies de communication de donn\u00e9es s\u00e9curis\u00e9es avec des mesures de protection raisonnables. Si vous rencontrez des probl\u00e8mes pour acc\u00e9der \u00e0 notre syst\u00e8me, veuillez nous contacter.\u00a0<\/span><\/p>\n<p><b>Exclusion de garanties, limites de responsabilit\u00e9.\u00a0<\/b><\/p>\n<p><span style=\"font-weight: 400;\">Bien qu&rsquo;Adobe ait adopt\u00e9 des mesures de s\u00e9curit\u00e9 raisonnables, il ne d\u00e9clare ni ne garantit que les services resteront exempts de perte, de d\u00e9t\u00e9rioration, d&rsquo;attaques, de virus, d&rsquo;interf\u00e9rences, de piratage ou de toute autre p\u00e9n\u00e9tration de la s\u00e9curit\u00e9, et Adobe d\u00e9cline toute responsabilit\u00e9 li\u00e9e aux \u00e9l\u00e9ments mentionn\u00e9s ci-dessus dans la mesure maximale autoris\u00e9e par la loi.\u00a0<\/span><\/p>\n<p><span style=\"font-weight: 400;\">Adobe n&rsquo;est pas responsable des pertes ou dommages subis par l&rsquo;utilisateur en raison de d\u00e9faillances du syst\u00e8me, de l&rsquo;application, du serveur ou d&rsquo;Internet. Adobe ne sera pas responsable de tout virus qui pourrait infecter l&rsquo;\u00e9quipement de l&rsquo;utilisateur \u00e0 la suite de l&rsquo;acc\u00e8s, de l&rsquo;utilisation ou \u00e0 la suite de tout transfert de donn\u00e9es, fichiers, images, textes ou audio qui y sont contenus. Les utilisateurs NE tiendront PAS Adobe pour responsable, ni n&rsquo;exigeront le paiement d&rsquo;une perte de profit \u00e0 Adobe, en raison de dommages r\u00e9sultant de difficult\u00e9s techniques ou de d\u00e9faillances des syst\u00e8mes ou d&rsquo;Internet. Dans les cas ci-dessus,\u00a0<\/span><\/p>\n<p><span style=\"font-weight: 400;\">Adobe ne sera pas responsable dans la mesure permise par la loi en vigueur et tant que les situations d\u00e9crites ci-dessus n&rsquo;ont pas \u00e9t\u00e9 caus\u00e9es directement et de mani\u00e8re malveillante par Adobe<\/span><\/p>\n<p><span style=\"font-weight: 400;\">Adobe ne garantit pas l&rsquo;acc\u00e8s et l&rsquo;utilisation continue ou ininterrompue de votre application. Le syst\u00e8me peut ne pas \u00eatre disponible en raison de difficult\u00e9s techniques ou de pannes d\u2019Internet, ou de toute autre circonstance ext\u00e9rieure \u00e0 Adobe. Dans de tels cas, des efforts seront mis en \u0153uvre pour le restaurer le plus rapidement possible sans encourir aucune responsabilit\u00e9.\u00a0<\/span><\/p>\n<p><span style=\"font-weight: 400;\">Adobe peut fournir \u00e0 ses utilisateurs des codes d&rsquo;acc\u00e8s aux zones restreintes de cette application. Dans ces cas, l&rsquo;utilisateur est responsable de garder le plus grand soin et de maintenir la confidentialit\u00e9 du nom d&rsquo;utilisateur et du code d&rsquo;acc\u00e8s fournis par Adobe. Adobe n&rsquo;assume aucune responsabilit\u00e9 li\u00e9e \u00e0 l&rsquo;utilisation l\u00e9gitime ou ill\u00e9gitime dudit code d&rsquo;acc\u00e8s, ni \u00e0 aucun dommage, perte ou pr\u00e9judice patrimonial ou de toute autre nature d\u00e9coulant d&rsquo;une telle utilisation.\u00a0<\/span><\/p>\n<p><b>Autres termes et conditions.\u00a0<\/b><\/p>\n<p><span style=\"font-weight: 400;\">En contractant les services d&rsquo;Adobe, l&rsquo;utilisateur accepte tous les termes et conditions des services respectifs qui apparaissent sur cette application. Il est de la responsabilit\u00e9 de l&rsquo;utilisateur de lire, de comprendre et d&rsquo;accepter ces conditions avant d&rsquo;engager le service.\u00a0<\/span><\/p>\n<p><b>Confidentialit\u00e9 et cookies.\u00a0<\/b><\/p>\n<p><span style=\"font-weight: 400;\">Il est de l&rsquo;obligation de l&rsquo;utilisateur de consulter notre politique de confidentialit\u00e9 avant d&rsquo;utiliser l&rsquo;application, qui est accessible via l&rsquo;application.\u00a0<\/span><\/p>\n<p><b>Divisibilit\u00e9.\u00a0<\/b><\/p>\n<p><span style=\"font-weight: 400;\">Si une modalit\u00e9 ou une condition de ces conditions d&rsquo;utilisation est jug\u00e9e invalide, nulle ou pour quelque raison que ce soit, inapplicable, ladite partie sera jug\u00e9e divisible et n&rsquo;affectera pas la validit\u00e9 ou l&rsquo;applicabilit\u00e9 de toute autre modalit\u00e9 ou condition.\u00a0<\/span><\/p>\n<p><b>Lois en vigueur et juridiction.\u00a0<\/b><\/p>\n<p><span style=\"font-weight: 400;\">Cette application a \u00e9t\u00e9 cr\u00e9\u00e9e et est contr\u00f4l\u00e9e par Adobe en R\u00e9publique du Costa Rica. Par cons\u00e9quent, tous les droits et obligations li\u00e9s \u00e0 l&rsquo;application, y compris ceux li\u00e9s \u00e0 la propri\u00e9t\u00e9 intellectuelle et industrielle, sont r\u00e9gis par les lois de la R\u00e9publique du Costa Rica, sans que les r\u00e8gles de conflit ne soient applicables. L&rsquo;utilisateur est soumis \u00e0 ces lois et \u00e0 la juridiction de la R\u00e9publique du Costa Rica quant \u00e0 l&rsquo;acc\u00e8s et l&rsquo;utilisation de cette application. Tout litige d\u00e9coulant de cet accord, de son existence, de sa validit\u00e9, de son interpr\u00e9tation, de sa port\u00e9e ou de sa conformit\u00e9 sera soumis aux tribunaux comp\u00e9tents du Costa Rica.<\/span><\/p>\n","protected":false},"excerpt":{"rendered":"<p>Adobe ADOBE RENT A CAR Mentions l\u00e9gales et conditions d&rsquo;utilisation de l&rsquo;application Adobe Mas plan de fid\u00e9lit\u00e9 Ces conditions d&rsquo;utilisation (ci-apr\u00e8s, les \u00ab\u00a0Conditions d&rsquo;utilisation\u00a0\u00bb) r\u00e9gissent les conditions d&rsquo;utilisation de cette application, vous (l&rsquo;\u00a0\u00bbutilisateur\u00a0\u00bb) devez donc les lire et les comprendre avant de commencer \u00e0 l&rsquo;utiliser. L&rsquo;utilisation de cette application et\/ou des applications mobiles associ\u00e9es signifie&#8230;<\/p>\n","protected":false},"author":12,"featured_media":0,"parent":0,"menu_order":0,"comment_status":"closed","ping_status":"closed","template":"","meta":{"_acf_changed":false,"_kad_post_transparent":"","_kad_post_title":"show","_kad_post_layout":"normal","_kad_post_sidebar_id":"","_kad_post_content_style":"","_kad_post_vertical_padding":"","_kad_post_feature":"","_kad_post_feature_position":"","_kad_post_header":false,"_kad_post_footer":false,"_kad_post_classname":"","footnotes":""},"class_list":["post-16813","page","type-page","status-publish","hentry"],"acf":[],"yoast_head":"<!-- This site is optimized with the Yoast SEO Premium plugin v26.9 (Yoast SEO v26.9) - https:\/\/yoast.com\/product\/yoast-seo-premium-wordpress\/ -->\n<title>Conditions d&#039;utilisation du plan de fid\u00e9lit\u00e9 - Adobe Rent a Car<\/title>\n<meta name=\"description\" content=\"\u27a1\ufe0f - Adobe Rent a Car - Conditions d&#039;utilisation du plan de fid\u00e9lit\u00e9\" \/>\n<meta name=\"robots\" content=\"index, follow, max-snippet:-1, max-image-preview:large, max-video-preview:-1\" \/>\n<link rel=\"canonical\" href=\"https:\/\/www.adobecar.com\/fr\/conditions-dutilisation-du-plan-de-fidelite\/\" \/>\n<meta property=\"og:locale\" content=\"fr_FR\" \/>\n<meta property=\"og:type\" content=\"article\" \/>\n<meta property=\"og:title\" content=\"Conditions d&#039;utilisation du plan de fid\u00e9lit\u00e9 - Adobe Rent a Car\" \/>\n<meta property=\"og:description\" content=\"\u27a1\ufe0f - Adobe Rent a Car - Conditions d&#039;utilisation du plan de fid\u00e9lit\u00e9\" \/>\n<meta property=\"og:url\" content=\"https:\/\/www.adobecar.com\/fr\/conditions-dutilisation-du-plan-de-fidelite\/\" \/>\n<meta property=\"og:site_name\" content=\"Adobe Rent a Car\" \/>\n<meta property=\"article:publisher\" content=\"https:\/\/www.facebook.com\/adobecar\" \/>\n<meta property=\"article:modified_time\" content=\"2024-03-05T06:16:05+00:00\" \/>\n<meta property=\"og:image\" content=\"https:\/\/www.adobecar.com\/wp-content\/uploads\/2023\/06\/MAPA-682x280-SAN-JOSE.jpg\" \/>\n\t<meta property=\"og:image:width\" content=\"682\" \/>\n\t<meta property=\"og:image:height\" content=\"280\" \/>\n\t<meta property=\"og:image:type\" content=\"image\/jpeg\" \/>\n<meta name=\"twitter:card\" content=\"summary_large_image\" \/>\n<meta name=\"twitter:site\" content=\"@adoberentacar\" \/>\n<script type=\"application\/ld+json\" class=\"yoast-schema-graph\">{\"@context\":\"https:\/\/schema.org\",\"@graph\":[{\"@type\":\"WebPage\",\"@id\":\"https:\/\/www.adobecar.com\/fr\/conditions-dutilisation-du-plan-de-fidelite\/\",\"url\":\"https:\/\/www.adobecar.com\/fr\/conditions-dutilisation-du-plan-de-fidelite\/\",\"name\":\"Conditions d'utilisation du plan de fid\u00e9lit\u00e9 - Adobe Rent a Car\",\"isPartOf\":{\"@id\":\"https:\/\/www.adobecar.com\/fr\/#website\"},\"datePublished\":\"2022-01-14T23:59:24+00:00\",\"dateModified\":\"2024-03-05T06:16:05+00:00\",\"description\":\"\u27a1\ufe0f - Adobe Rent a Car - Conditions d'utilisation du plan de fid\u00e9lit\u00e9\",\"breadcrumb\":{\"@id\":\"https:\/\/www.adobecar.com\/fr\/conditions-dutilisation-du-plan-de-fidelite\/#breadcrumb\"},\"inLanguage\":\"fr-FR\",\"potentialAction\":[{\"@type\":\"ReadAction\",\"target\":[\"https:\/\/www.adobecar.com\/fr\/conditions-dutilisation-du-plan-de-fidelite\/\"]}]},{\"@type\":\"BreadcrumbList\",\"@id\":\"https:\/\/www.adobecar.com\/fr\/conditions-dutilisation-du-plan-de-fidelite\/#breadcrumb\",\"itemListElement\":[{\"@type\":\"ListItem\",\"position\":1,\"name\":\"Location de voitures\",\"item\":\"https:\/\/www.adobecar.com\/fr\/\"},{\"@type\":\"ListItem\",\"position\":2,\"name\":\"Conditions d&#8217;utilisation du plan de fid\u00e9lit\u00e9\"}]},{\"@type\":\"WebSite\",\"@id\":\"https:\/\/www.adobecar.com\/fr\/#website\",\"url\":\"https:\/\/www.adobecar.com\/fr\/\",\"name\":\"Adobe Rent a Car\",\"description\":\"Largest local car rental company in Costa Rica\",\"publisher\":{\"@id\":\"https:\/\/www.adobecar.com\/fr\/#organization\"},\"alternateName\":\"ARC Car Rental\",\"potentialAction\":[{\"@type\":\"SearchAction\",\"target\":{\"@type\":\"EntryPoint\",\"urlTemplate\":\"https:\/\/www.adobecar.com\/fr\/?s={search_term_string}\"},\"query-input\":{\"@type\":\"PropertyValueSpecification\",\"valueRequired\":true,\"valueName\":\"search_term_string\"}}],\"inLanguage\":\"fr-FR\"},{\"@type\":[\"Organization\",\"Place\"],\"@id\":\"https:\/\/www.adobecar.com\/fr\/#organization\",\"name\":\"Adobe Rent a Car\",\"url\":\"https:\/\/www.adobecar.com\/fr\/\",\"logo\":{\"@type\":\"ImageObject\",\"inLanguage\":\"fr-FR\",\"@id\":\"https:\/\/www.adobecar.com\/fr\/#\/schema\/logo\/image\/\",\"url\":\"https:\/\/www.adobecar.com\/wp-content\/uploads\/2020\/05\/logo-ARC.png\",\"contentUrl\":\"https:\/\/www.adobecar.com\/wp-content\/uploads\/2020\/05\/logo-ARC.png\",\"width\":170,\"height\":78,\"caption\":\"Adobe Rent a Car\"},\"image\":{\"@id\":\"https:\/\/www.adobecar.com\/fr\/#\/schema\/logo\/image\/\"},\"sameAs\":[\"https:\/\/www.facebook.com\/adobecar\",\"https:\/\/x.com\/adoberentacar\",\"https:\/\/www.instagram.com\/adoberentacar\/\",\"https:\/\/www.linkedin.com\/company\/adobe-rent-a-car\",\"https:\/\/www.youtube.com\/channel\/UCPJfc3n7wu_7aR8H_nd6VJQ\"],\"mainEntityOfPage\":{\"@id\":\"https:\/\/www.adobecar.com\/fr\/conditions-dutilisation-du-plan-de-fidelite\/\"}}]}<\/script>\n<!-- \/ Yoast SEO Premium plugin. -->","yoast_head_json":{"title":"Conditions d'utilisation du plan de fid\u00e9lit\u00e9 - Adobe Rent a Car","description":"\u27a1\ufe0f - Adobe Rent a Car - Conditions d'utilisation du plan de fid\u00e9lit\u00e9","robots":{"index":"index","follow":"follow","max-snippet":"max-snippet:-1","max-image-preview":"max-image-preview:large","max-video-preview":"max-video-preview:-1"},"canonical":"https:\/\/www.adobecar.com\/fr\/conditions-dutilisation-du-plan-de-fidelite\/","og_locale":"fr_FR","og_type":"article","og_title":"Conditions d'utilisation du plan de fid\u00e9lit\u00e9 - Adobe Rent a Car","og_description":"\u27a1\ufe0f - Adobe Rent a Car - Conditions d'utilisation du plan de fid\u00e9lit\u00e9","og_url":"https:\/\/www.adobecar.com\/fr\/conditions-dutilisation-du-plan-de-fidelite\/","og_site_name":"Adobe Rent a Car","article_publisher":"https:\/\/www.facebook.com\/adobecar","article_modified_time":"2024-03-05T06:16:05+00:00","og_image":[{"width":682,"height":280,"url":"https:\/\/www.adobecar.com\/wp-content\/uploads\/2023\/06\/MAPA-682x280-SAN-JOSE.jpg","type":"image\/jpeg"}],"twitter_card":"summary_large_image","twitter_site":"@adoberentacar","schema":{"@context":"https:\/\/schema.org","@graph":[{"@type":"WebPage","@id":"https:\/\/www.adobecar.com\/fr\/conditions-dutilisation-du-plan-de-fidelite\/","url":"https:\/\/www.adobecar.com\/fr\/conditions-dutilisation-du-plan-de-fidelite\/","name":"Conditions d'utilisation du plan de fid\u00e9lit\u00e9 - Adobe Rent a Car","isPartOf":{"@id":"https:\/\/www.adobecar.com\/fr\/#website"},"datePublished":"2022-01-14T23:59:24+00:00","dateModified":"2024-03-05T06:16:05+00:00","description":"\u27a1\ufe0f - Adobe Rent a Car - Conditions d'utilisation du plan de fid\u00e9lit\u00e9","breadcrumb":{"@id":"https:\/\/www.adobecar.com\/fr\/conditions-dutilisation-du-plan-de-fidelite\/#breadcrumb"},"inLanguage":"fr-FR","potentialAction":[{"@type":"ReadAction","target":["https:\/\/www.adobecar.com\/fr\/conditions-dutilisation-du-plan-de-fidelite\/"]}]},{"@type":"BreadcrumbList","@id":"https:\/\/www.adobecar.com\/fr\/conditions-dutilisation-du-plan-de-fidelite\/#breadcrumb","itemListElement":[{"@type":"ListItem","position":1,"name":"Location de voitures","item":"https:\/\/www.adobecar.com\/fr\/"},{"@type":"ListItem","position":2,"name":"Conditions d&#8217;utilisation du plan de fid\u00e9lit\u00e9"}]},{"@type":"WebSite","@id":"https:\/\/www.adobecar.com\/fr\/#website","url":"https:\/\/www.adobecar.com\/fr\/","name":"Adobe Rent a Car","description":"Largest local car rental company in Costa Rica","publisher":{"@id":"https:\/\/www.adobecar.com\/fr\/#organization"},"alternateName":"ARC Car Rental","potentialAction":[{"@type":"SearchAction","target":{"@type":"EntryPoint","urlTemplate":"https:\/\/www.adobecar.com\/fr\/?s={search_term_string}"},"query-input":{"@type":"PropertyValueSpecification","valueRequired":true,"valueName":"search_term_string"}}],"inLanguage":"fr-FR"},{"@type":["Organization","Place"],"@id":"https:\/\/www.adobecar.com\/fr\/#organization","name":"Adobe Rent a Car","url":"https:\/\/www.adobecar.com\/fr\/","logo":{"@type":"ImageObject","inLanguage":"fr-FR","@id":"https:\/\/www.adobecar.com\/fr\/#\/schema\/logo\/image\/","url":"https:\/\/www.adobecar.com\/wp-content\/uploads\/2020\/05\/logo-ARC.png","contentUrl":"https:\/\/www.adobecar.com\/wp-content\/uploads\/2020\/05\/logo-ARC.png","width":170,"height":78,"caption":"Adobe Rent a Car"},"image":{"@id":"https:\/\/www.adobecar.com\/fr\/#\/schema\/logo\/image\/"},"sameAs":["https:\/\/www.facebook.com\/adobecar","https:\/\/x.com\/adoberentacar","https:\/\/www.instagram.com\/adoberentacar\/","https:\/\/www.linkedin.com\/company\/adobe-rent-a-car","https:\/\/www.youtube.com\/channel\/UCPJfc3n7wu_7aR8H_nd6VJQ"],"mainEntityOfPage":{"@id":"https:\/\/www.adobecar.com\/fr\/conditions-dutilisation-du-plan-de-fidelite\/"}}]}},"_links":{"self":[{"href":"https:\/\/www.adobecar.com\/fr\/wp-json\/wp\/v2\/pages\/16813","targetHints":{"allow":["GET"]}}],"collection":[{"href":"https:\/\/www.adobecar.com\/fr\/wp-json\/wp\/v2\/pages"}],"about":[{"href":"https:\/\/www.adobecar.com\/fr\/wp-json\/wp\/v2\/types\/page"}],"author":[{"embeddable":true,"href":"https:\/\/www.adobecar.com\/fr\/wp-json\/wp\/v2\/users\/12"}],"replies":[{"embeddable":true,"href":"https:\/\/www.adobecar.com\/fr\/wp-json\/wp\/v2\/comments?post=16813"}],"version-history":[{"count":0,"href":"https:\/\/www.adobecar.com\/fr\/wp-json\/wp\/v2\/pages\/16813\/revisions"}],"wp:attachment":[{"href":"https:\/\/www.adobecar.com\/fr\/wp-json\/wp\/v2\/media?parent=16813"}],"curies":[{"name":"wp","href":"https:\/\/api.w.org\/{rel}","templated":true}]}}