{"id":39896,"date":"2024-09-30T19:44:59","date_gmt":"2024-10-01T01:44:59","guid":{"rendered":"https:\/\/www.adobecar.com\/?page_id=39896"},"modified":"2024-09-30T19:50:23","modified_gmt":"2024-10-01T01:50:23","slug":"datenschutzrichtlinie","status":"publish","type":"page","link":"https:\/\/www.adobecar.com\/de\/datenschutzrichtlinie\/","title":{"rendered":"Datenschutzrichtlinie"},"content":{"rendered":"<h3 align=\"center\">ADOBE RENT A CAR<br \/>\nDatenschutzrichtlinie und Verarbeitung personenbezogener Daten<\/h3>\n<p>Bitte lesen Sie die folgenden Datenschutzbestimmungen und die Verarbeitung personenbezogener Daten von RENTE UN AUTO ESMERALDA S.A., einem in Costa Rica ans\u00e4ssigen Unternehmen mit der juristischen Personen-ID 3-101-88140, und seinen Tochter- und\/oder verbundenen Unternehmen (im Folgenden als bezeichnet) sorgf\u00e4ltig durch \u201eAdobe Rent a Car\u201c, \u201eAdobe\u201c oder \u201ewir\u201c).<\/p>\n<p><b>ALLGEMEINE INFORMATIONEN<\/b><\/p>\n<ol>\n<li>Adobe ist eine Unternehmensgruppe mit Hauptsitz in der Stadt San Jos\u00e9, Republik Costa Rica, wo das Unternehmen eine interne Personendatenbank f\u00fcr die normale Erbringung seiner Dienste betreibt.<\/li>\n<\/ol>\n<ol start=\"2\">\n<li>Diese Richtlinie zum Datenschutz und zur Verarbeitung personenbezogener Daten (im Folgenden die \u201eRichtlinie\u201c oder die \u201eRichtlinien\u201c) regelt die Art und Weise, wie wir Ihre personenbezogenen Daten erfassen und verwenden. Personenbezogene Daten sind alle Daten, die sich auf eine identifizierte oder identifizierbare nat\u00fcrliche Person beziehen.<\/li>\n<\/ol>\n<ol start=\"3\">\n<li>Diese Richtlinie gilt sowohl f\u00fcr die Erhebung als auch f\u00fcr die Verarbeitung Ihrer personenbezogenen Daten auf elektronischem und manuellem Weg.<\/li>\n<\/ol>\n<ol start=\"4\">\n<li>Der Benutzer, der unsere Dienste in Anspruch nimmt und\/oder auf die Adobe+-Anwendung von Adobe zugreift, muss diese Allgemeinen Gesch\u00e4ftsbedingungen im Voraus lesen, verstehen und akzeptieren. Indem Sie uns kontaktieren und unsere App aufrufen und durchsuchen, unabh\u00e4ngig davon, ob Sie einen der angebotenen Dienste nutzen oder nicht, erkl\u00e4ren Sie daher, dass Sie die in dieser Richtlinie enthaltenen Bedingungen verstanden und akzeptiert haben. Wir empfehlen Ihnen, diese Richtlinie sorgf\u00e4ltig zu lesen und zu verstehen, bevor Sie unsere App weiter durchsuchen und nutzen und unsere Dienste in Anspruch nehmen.<\/li>\n<\/ol>\n<ol start=\"5\">\n<li>Adobe kann diese Richtlinien von Zeit zu Zeit \u00e4ndern, um sie an geltende Vorschriften oder die von Adobe bereitgestellten Dienste anzupassen. Wir empfehlen Ihnen, den Inhalt regelm\u00e4\u00dfig zu \u00fcberpr\u00fcfen.<\/li>\n<\/ol>\n<p><b>VERANTWORTLICH F\u00dcR DIE BEHANDLUNG<\/b><\/p>\n<ol start=\"6\">\n<li>Diese Richtlinie gilt f\u00fcr alle Unternehmen, die derselben wirtschaftlichen Interessengruppe wie Adobe angeh\u00f6ren und Autovermietungsdienste und\/oder damit verbundene Aktivit\u00e4ten anbieten. Alle haben ihren Sitz und ihre Gesch\u00e4ftst\u00e4tigkeit in der Republik Costa Rica. Verantwortlicher f\u00fcr die Datenbank ist insbesondere die Firma RENTE UN AUTO ESMERALDA S.A.<\/li>\n<\/ol>\n<ol start=\"7\">\n<li>Diese Richtlinie gilt nicht f\u00fcr Dienste Dritter, die m\u00f6glicherweise erg\u00e4nzende Dienste zu denen von Adobe anbieten, wie z. B. Hotels, Reiseb\u00fcros, Internetbrowser und Suchmaschinen, soziale Netzwerke, Versicherungsunternehmen und andere Wirtschaftsakteure, die m\u00f6glicherweise eigene Dienste anbieten Datenschutzrichtlinien. F\u00fcr den Fall, dass unsere Website Links (Hyperlinks) zu Websites Dritter enth\u00e4lt, gelten unsere Richtlinien auch nicht f\u00fcr diese Websites.<\/li>\n<\/ol>\n<p><b>KATEGORIEN DER PERSONENBEZOGENEN DATEN, DIE WIR SAMMELN<\/b><\/p>\n<ol start=\"8\">\n<li>Adobe kann bestimmte personenbezogene Daten von Kunden erfassen und verwenden, wie z. B. Ihren vollst\u00e4ndigen Namen, Ihre Nationalit\u00e4t, Nummern und Kopien Ihrer Ausweisdokumente und Ihres F\u00fchrerscheins, Telefonnummer, Faxnummer, Postfach, Adresse, genaue E-Mail-Adresse, Zahlungsinformationen usw B. Kredit- oder Debitkartendaten (wir speichern Ihren Sicherheitscode nach der Transaktion nicht), Ihre Hoteladresse (f\u00fcr Lieferdienste), Flug- oder Reservierungsnummer, Informationen \u00fcber Vorf\u00e4lle (Unf\u00e4lle, mechanische Ausf\u00e4lle, Diebst\u00e4hle, Verluste und andere), die die Fahrzeug kann leiden; sowie alle weiteren Daten, die f\u00fcr die Vertragsabwicklung und Erbringung der vom Kunden gew\u00fcnschten Dienstleistung erforderlich sind, sei es zur Erf\u00fcllung unserer vertraglichen Verpflichtungen oder zur Aus\u00fcbung unserer berechtigten Rechte. Im Falle von Unternehmens- oder Sonderpl\u00e4nen und -programmen (z. B. Miete und Langzeitmieten), erfassen wir m\u00f6glicherweise die Informationen, die f\u00fcr den Abschluss dieses Plans erforderlich sind und die jeden Servicenutzer mit der jeweiligen Vereinbarung verbinden .<\/li>\n<\/ol>\n<ol start=\"9\">\n<li>Adobe erh\u00e4lt m\u00f6glicherweise auch personenbezogene Daten aus anderen legitimen Quellen im Zusammenhang mit der Erbringung der von Ihnen vertraglich vereinbarten Dienstleistung (von Ihrem Arbeitsplatz, von Ihrem Reiseb\u00fcro usw.). In bestimmten Ausnahmef\u00e4llen stellen uns Beh\u00f6rden bestimmte Daten zu Verst\u00f6\u00dfen, Zusammenst\u00f6\u00dfen, Diebst\u00e4hlen und Unf\u00e4llen und anderen \u00e4hnlichen Ereignissen zur Verf\u00fcgung.<\/li>\n<\/ol>\n<ol start=\"10\">\n<li>Unsere Einheiten k\u00f6nnen \u00fcber Ortungssysteme (GPS) verf\u00fcgen, die uns wertvolle Informationen \u00fcber das Fahrzeug und dessen Nutzung liefern. Dies erm\u00f6glicht es uns, unseren Vertrag zu erf\u00fcllen, die Einhaltung der Kundenvorschriften zu \u00fcberpr\u00fcfen und unsere Fahrzeuge im Falle von Diebstahl, Verlust oder anderen Vorf\u00e4llen wiederzuerlangen. Zu keinem Zeitpunkt werden wir den Status Ihres Fahrzeugs w\u00e4hrend der Anmietung verfolgen oder \u00fcberwachen.<\/li>\n<\/ol>\n<ol start=\"11\">\n<li>Telefonanrufe in unserer Zentrale k\u00f6nnen zur Qualit\u00e4tskontrolle aufgezeichnet werden.<\/li>\n<\/ol>\n<ol start=\"12\">\n<li>In unseren B\u00fcros und Agenturen verf\u00fcgen wir m\u00f6glicherweise \u00fcber \u00dcberwachungs- und \u00dcberwachungssysteme, die Bilder, Fotos, Videos, Stimmen und\/oder T\u00f6ne aufzeichnen k\u00f6nnen, ausschlie\u00dflich zum Zweck der Gew\u00e4hrleistung der Sicherheit von Personen und der Kontrolle unserer Einheiten.&lt;\/li &gt; li&gt;<\/li>\n<\/ol>\n<ol start=\"13\">\n<li>M\u00f6glicherweise fordern wir vom Kunden Finanzinformationen an, um die Krediter\u00f6ffnung in bestimmten speziellen Vertragskategorien zu analysieren. Adobe kann zu diesem Zweck auch Bonit\u00e4tsinformationen von anderen Quellen anfordern, beispielsweise von autorisierten Kreditauskunfteien.<\/li>\n<\/ol>\n<ol start=\"14\">\n<li>In Ausnahmef\u00e4llen k\u00f6nnen Sie uns freiwillig einige Informationen \u00fcber Ihren Gesundheitszustand mitteilen, wenn Sie eine besondere Dienstleistung oder ein besonderes Produkt von uns anfordern. In diesem Fall werden wir diese Informationen nur mit Ihrer ausdr\u00fccklichen Zustimmung sammeln und sie so lange vertraulich aufbewahren, wie es unbedingt erforderlich ist, um Ihnen unsere Dienste bereitzustellen und anzubieten. Wir geben diese Informationen nicht an Dritte weiter, au\u00dfer in Ausnahmef\u00e4llen, die durch geltende Vorschriften zul\u00e4ssig oder erforderlich sind.<\/li>\n<\/ol>\n<ol start=\"15\">\n<li>Unsere Dienstleistungen richten sich nicht an Minderj\u00e4hrige. Es ist nicht unsere Absicht, Informationen von Minderj\u00e4hrigen zu sammeln. Eltern und Erziehungsberechtigte von Minderj\u00e4hrigen k\u00f6nnen die L\u00f6schung dieser Informationen beantragen, indem sie sich \u00fcber die in diesen Richtlinien angegebenen Wege an Adobe wenden.<\/li>\n<\/ol>\n<p><b>ZWECKE DER BEHANDLUNG<\/b><\/p>\n<ol start=\"16\">\n<li>Wir erheben und verwenden personenbezogene Daten f\u00fcr folgende Zwecke:<\/li>\n<\/ol>\n<ol type=\"a\">\n<li>um die Kunden unserer Dienstleistungen vollst\u00e4ndig zu identifizieren, Reservierungen zu bearbeiten, Vertr\u00e4ge mit ihnen zu schlie\u00dfen, unsere Dienstleistungen und damit verbundene Geb\u00fchren (einschlie\u00dflich, aber nicht beschr\u00e4nkt auf Versicherungen, Kautionen und Strafen) in Rechnung zu stellen, Kredite zu gew\u00e4hren oder zu verweigern, Vertr\u00e4ge auszuf\u00fchren, bereitzustellen in unseren R\u00e4umlichkeiten und auf unserer Website beworbene Leistungen nicht wahrnehmen und die Einhaltung vertraglicher Vereinbarungen verlangen;<\/li>\n<\/ol>\n<ol start=\"2\" type=\"a\">\n<li>um einen angemessenen Kundenservice bereitzustellen, einschlie\u00dflich Kundendienst, Assistenzdiensten und der Inanspruchnahme von Versicherungen;<\/li>\n<\/ol>\n<ol start=\"3\" type=\"a\">\n<li>zur \u00dcberpr\u00fcfung der angemessenen, autorisierten und rechtm\u00e4\u00dfigen Nutzung von Adobe-Fahrzeugen durch den Kunden;<\/li>\n<\/ol>\n<ol start=\"4\" type=\"a\">\n<li>um mit unseren Kunden zu kommunizieren, Beschwerden und Kommentare zu bearbeiten und\/oder ihnen unsere Dienste anzubieten;<\/li>\n<\/ol>\n<ol start=\"5\" type=\"a\">\n<li>um das Marktverhalten und die Interessen unserer Kunden besser zu verstehen;<\/li>\n<\/ol>\n<ol start=\"6\" type=\"a\">\n<li>um unsere Produkte und Dienstleistungen zu verbessern;<\/li>\n<\/ol>\n<ol start=\"7\" type=\"a\">\n<li>um unsere Dienstleistungen zu bewerben und zu vermarkten, Werbeprogramme durchzuf\u00fchren, Sonder- oder Vorzugspl\u00e4ne anzubieten und unsere Angebote zu personalisieren;<\/li>\n<\/ol>\n<ol start=\"8\" type=\"a\">\n<li>um das Inkasso und die Zahlungsaufforderung f\u00fcr unsere Dienstleistungen und die damit verbundenen Geb\u00fchren abzuwickeln;<\/li>\n<\/ol>\n<ol start=\"9\" type=\"a\">\n<li>zur Verteidigung der berechtigten Interessen unseres Unternehmens bei Konflikten, Anspr\u00fcchen, Forderungen, Verst\u00f6\u00dfen, Untersuchungen, Verfahren oder Rechtsstreitigkeiten jeglicher Art, sei es vor dem Kunden, Beh\u00f6rden, Versicherungsunternehmen und\/oder Dritten;&lt;\/li &gt;<\/li>\n<\/ol>\n<ol start=\"10\" type=\"a\">\n<li>um alle Betrugspr\u00e4ventions-, Geldw\u00e4sche- oder Sicherheitskontrollen einzuhalten, sei es aufgrund gesetzlicher Pflichten oder interner Unternehmensrichtlinien;<\/li>\n<\/ol>\n<ol start=\"11\" type=\"a\">\n<li>um allen uns gegen\u00fcber obliegenden gesetzlichen Pflichten nachzukommen und um unser sonstiges berechtigtes Interesse an der Erbringung unserer Dienstleistungen zu wahren.<\/li>\n<\/ol>\n<p><b>EMPF\u00c4NGER DER INFORMATIONEN<\/b><\/p>\n<ol start=\"17\">\n<li>Adobe ist der Sicherheit der von Ihnen bereitgestellten Daten verpflichtet. Adobe gibt Ihre personenbezogenen Daten nicht an Dritte weiter, au\u00dfer zur Einhaltung der f\u00fcr die Erhebung und Verarbeitung festgelegten Zwecke, einschlie\u00dflich der M\u00f6glichkeit der Weitergabe an Unternehmen, die derselben Wirtschaftsgruppe wie Adobe angeh\u00f6ren (ohne dass die Datenbank ihren Status als \u201eintern\u201c verliert). ).&#8220;) und alle anderen Gr\u00fcnde, die in den geltenden Vorschriften, in diesen Richtlinien und in den Vertr\u00e4gen, die Sie mit uns unterzeichnen, festgelegt sind.<\/li>\n<\/ol>\n<ol start=\"18\">\n<li>Wir k\u00f6nnen Ihre Daten jedoch, soweit dies f\u00fcr die Erbringung unserer Dienstleistungen erforderlich und gesetzlich zul\u00e4ssig ist, weitergeben an:<\/li>\n<\/ol>\n<ol type=\"a\">\n<li>Vermittler, \u00fcber die wir unsere Dienstleistungen in Anspruch nehmen (falls zutreffend), um unseren Vertrag zu erf\u00fcllen;<\/li>\n<\/ol>\n<ol start=\"2\" type=\"a\">\n<li>Reiseb\u00fcros und \u00e4hnliche oder gleichwertige Dienstleistungen, um mit Ihnen einen Vertrag abzuschlie\u00dfen und unseren Vertrag zu erf\u00fcllen;<\/li>\n<\/ol>\n<ol start=\"3\" type=\"a\">\n<li>Kredit- oder Debitkartenaussteller zur Zahlungsabwicklung;<\/li>\n<\/ol>\n<ol start=\"4\" type=\"a\">\n<li>Versicherungsunternehmen und Beh\u00f6rden im Falle von Zwischenf\u00e4llen;<\/li>\n<\/ol>\n<ol start=\"5\" type=\"a\">\n<li>Ihr eigener Arbeitgeber bei der Vergabe und Ausf\u00fchrung von Unternehmenspaketen (falls zutreffend);<\/li>\n<\/ol>\n<ol start=\"6\" type=\"a\">\n<li>Buchungsmaschinen, soweit Sie eine verwenden, um Ihre Reservierung vorzunehmen und zu verwalten;<\/li>\n<\/ol>\n<ol start=\"7\" type=\"a\">\n<li>Marketingdienstleister, um Ihnen Dienste anzubieten und Ihre Pr\u00e4ferenzen zu verstehen;<\/li>\n<\/ol>\n<ol start=\"8\" type=\"a\">\n<li>Kreditauskunfteien, die sich mit der Profilerstellung befassen, f\u00fcr den Fall, dass Ihr Konto bei uns in Verzug ger\u00e4t.<\/li>\n<\/ol>\n<ol start=\"9\" type=\"a\">\n<li>Andere Empf\u00e4nger, die sich in Costa Rica oder im Ausland befinden k\u00f6nnen, je nach den in diesen Richtlinien dargelegten Zwecken der Datenerfassung und -verarbeitung, entsprechend der Art unserer Dienste, die Sie alle akzeptieren, wenn Sie einen Vertrag mit Adobe abschlie\u00dfen.&lt;\/ li&gt; li&gt;<\/li>\n<\/ol>\n<p><b>DAUER DER DATENAUFBEWAHRUNG<\/b><\/p>\n<ol start=\"19\">\n<li>Die zur Verf\u00fcgung gestellten personenbezogenen Daten werden zus\u00e4tzlich zu den in den Archiv- und Dokumentationsvorschriften festgelegten Zeitr\u00e4umen so lange aufbewahrt, wie es zur Erf\u00fcllung des Zwecks, f\u00fcr den sie erhoben werden, und zur Ermittlung der m\u00f6glichen Verantwortlichkeiten, die sich aus dem Zweck ergeben k\u00f6nnen, erforderlich ist. Das interne Recht der Republik Costa Rica erm\u00e4chtigt Adobe, Ihre personenbezogenen Daten f\u00fcr einen Zeitraum von maximal 10 Jahren aufzubewahren. Adobe verwendet diesen Zeitraum als Referenz, sofern die geltenden Vorschriften nichts anderes vorsehen.<\/li>\n<\/ol>\n<p><b>\u00dcBUNG DER RECHTE UND KONTAKTMITTEL<\/b><\/p>\n<ol start=\"20\">\n<li>Datenschutzgesetze gew\u00e4hren Ihnen bestimmte informationelle Selbstbestimmungsrechte. Sie haben unter anderem das Recht, auf Ihre personenbezogenen Daten zuzugreifen, etwaige Ungenauigkeiten zu korrigieren, die Einwilligung zur Verarbeitung der Daten, die auf Grundlage Ihrer Einwilligung verarbeitet werden, zu widerrufen und die Einschr\u00e4nkung oder vollst\u00e4ndige oder teilweise L\u00f6schung bestimmter Daten gem\u00e4\u00df den gesetzlichen Bestimmungen zu verlangen. , zus\u00e4tzlich zu anderen Rechten, die in den geltenden Vorschriften vorgesehen sein k\u00f6nnen. Sie k\u00f6nnen dies jederzeit und ohne R\u00fcckwirkungen auf Ihr Management auf eine der folgenden Weisen tun:<\/li>\n<\/ol>\n<ol type=\"a\">\n<li>Per Brief an die Hauptniederlassung von Adobe in San Jos\u00e9, Costa Rica, genau im Viertel Coraz\u00f3n de Jes\u00fas, 34. Stra\u00dfe, an der s\u00fcdwestlichen Ecke des Obreros-Friedhofs, 100 Meter westlich und 800 Meter s\u00fcdlich.<\/li>\n<\/ol>\n<p class=\"western\">Per E-Mail an folgende Adresse: <span style=\"color: #0563c1;\"><u><a href=\"mailto:privacidad@adobecar.com\">privacidad@adobecar.com<\/a><\/u><\/span><\/p>\n<ol start=\"21\">\n<li>Ihre Bewerbung muss Folgendes enthalten:<\/li>\n<\/ol>\n<ol type=\"a\">\n<li>Vor- und Nachnamen des Inhabers der personenbezogenen Daten, mit einer Kopie des Ausweises. Wenn der gesetzliche Vertreter von diesem Recht Gebrauch macht, muss er seine Identit\u00e4t nachweisen, indem er einen Ausweis oder ein gleichwertiges Dokument sowie eine Kopie des Vertretungstitels beif\u00fcgt.<\/li>\n<\/ol>\n<ol start=\"2\" type=\"a\">\n<li>Konkrete und eindeutige Anfrage mit Angabe der Daten, auf die sie sich bezieht, und der gew\u00fcnschten Korrektur sowie der relevanten Unterlagen oder Nachweise, die Ihre Anfrage st\u00fctzen.<\/li>\n<\/ol>\n<ol start=\"3\" type=\"a\">\n<li>Adresse oder Mittel zum Empfangen von Benachrichtigungen.<\/li>\n<\/ol>\n<ol start=\"4\" type=\"a\">\n<li>Datum und Unterschrift des Antragstellers.<\/li>\n<\/ol>\n<ol start=\"22\">\n<li>Adobe beantwortet Ihre Anfragen kostenlos und innerhalb der gesetzlichen Frist. Wenn Adobe zus\u00e4tzliche Informationen ben\u00f6tigt, werden Sie rechtzeitig dar\u00fcber informiert.<\/li>\n<\/ol>\n<ol start=\"23\">\n<li>Bitte beachten Sie, dass die von Ihnen auf der Grundlage dieser Richtlinien bereitgestellten Informationen zur Erf\u00fcllung der hierin beschriebenen Zwecke erforderlich sind. Aufgrund der Art unserer Dienstleistungen kann die Verweigerung der Bereitstellung, der Widerruf der Einwilligung und\/oder Ihr Widerspruch zur Verarbeitung wesentlicher Daten die Beauftragung des Dienstes verhindern oder zur Beendigung der Erbringung des Dienstes f\u00fchren.&lt;\/ li&gt;<\/li>\n<\/ol>\n<ol start=\"24\">\n<li>Wenn Sie Fragen, Vorschl\u00e4ge, Anmerkungen oder Bedenken zu unserer Datenschutzrichtlinie haben, z\u00f6gern Sie nicht, uns auf einem der zuvor angegebenen Wege zu kontaktieren.<\/li>\n<\/ol>\n<p><b>ANWENDBARES RECHT UND KONTROLLBEH\u00d6RDE<\/b><\/p>\n<ol start=\"25\">\n<li>Diese Richtlinien unterliegen dem Recht der Republik Costa Rica, ohne dass die Kollisionsregeln des Forums anwendbar sind. Die Aufsichtsbeh\u00f6rde von Costa Rica ist die Residents&#8216; Data Protection Agency (Prodhab).<\/li>\n<\/ol>\n[Version 1.0 M\u00e4rz 2021]\n","protected":false},"excerpt":{"rendered":"<p>ADOBE RENT A CAR Datenschutzrichtlinie und Verarbeitung personenbezogener Daten Bitte lesen Sie die folgenden Datenschutzbestimmungen und die Verarbeitung personenbezogener Daten von RENTE UN AUTO ESMERALDA S.A., einem in Costa Rica ans\u00e4ssigen Unternehmen mit der juristischen Personen-ID 3-101-88140, und seinen Tochter- und\/oder verbundenen Unternehmen (im Folgenden als bezeichnet) sorgf\u00e4ltig durch \u201eAdobe Rent a Car\u201c, \u201eAdobe\u201c oder&#8230;<\/p>\n","protected":false},"author":142,"featured_media":0,"parent":0,"menu_order":0,"comment_status":"closed","ping_status":"closed","template":"","meta":{"_acf_changed":false,"_kad_post_transparent":"","_kad_post_title":"show","_kad_post_layout":"normal","_kad_post_sidebar_id":"","_kad_post_content_style":"","_kad_post_vertical_padding":"","_kad_post_feature":"","_kad_post_feature_position":"","_kad_post_header":false,"_kad_post_footer":false,"_kad_post_classname":"","footnotes":""},"class_list":["post-39896","page","type-page","status-publish","hentry"],"acf":[],"yoast_head":"<!-- This site is optimized with the Yoast SEO Premium plugin v26.9 (Yoast SEO v26.9) - https:\/\/yoast.com\/product\/yoast-seo-premium-wordpress\/ -->\n<title>Datenschutzrichtlinie - Adobe Rent a Car<\/title>\n<meta name=\"description\" content=\"\u27a1\ufe0f - Adobe Rent a Car - Datenschutzrichtlinie\" \/>\n<meta name=\"robots\" content=\"index, follow, max-snippet:-1, max-image-preview:large, max-video-preview:-1\" \/>\n<link rel=\"canonical\" href=\"https:\/\/www.adobecar.com\/de\/datenschutzrichtlinie\/\" \/>\n<meta property=\"og:locale\" content=\"de_DE\" \/>\n<meta property=\"og:type\" content=\"article\" \/>\n<meta property=\"og:title\" content=\"Datenschutzrichtlinie - Adobe Rent a Car\" \/>\n<meta property=\"og:description\" content=\"\u27a1\ufe0f - Adobe Rent a Car - Datenschutzrichtlinie\" \/>\n<meta property=\"og:url\" content=\"https:\/\/www.adobecar.com\/de\/datenschutzrichtlinie\/\" \/>\n<meta property=\"og:site_name\" content=\"Adobe Rent a Car\" \/>\n<meta property=\"article:publisher\" content=\"https:\/\/www.facebook.com\/adobecar\" \/>\n<meta property=\"article:modified_time\" content=\"2024-10-01T01:50:23+00:00\" \/>\n<meta property=\"og:image\" content=\"https:\/\/www.adobecar.com\/wp-content\/uploads\/2023\/06\/MAPA-682x280-SAN-JOSE.jpg\" \/>\n\t<meta property=\"og:image:width\" content=\"682\" \/>\n\t<meta property=\"og:image:height\" content=\"280\" \/>\n\t<meta property=\"og:image:type\" content=\"image\/jpeg\" \/>\n<meta name=\"twitter:card\" content=\"summary_large_image\" \/>\n<meta name=\"twitter:site\" content=\"@adoberentacar\" \/>\n<script type=\"application\/ld+json\" class=\"yoast-schema-graph\">{\"@context\":\"https:\/\/schema.org\",\"@graph\":[{\"@type\":\"WebPage\",\"@id\":\"https:\/\/www.adobecar.com\/de\/datenschutzrichtlinie\/\",\"url\":\"https:\/\/www.adobecar.com\/de\/datenschutzrichtlinie\/\",\"name\":\"Datenschutzrichtlinie - Adobe Rent a Car\",\"isPartOf\":{\"@id\":\"https:\/\/www.adobecar.com\/de\/#website\"},\"datePublished\":\"2024-10-01T01:44:59+00:00\",\"dateModified\":\"2024-10-01T01:50:23+00:00\",\"description\":\"\u27a1\ufe0f - Adobe Rent a Car - Datenschutzrichtlinie\",\"breadcrumb\":{\"@id\":\"https:\/\/www.adobecar.com\/de\/datenschutzrichtlinie\/#breadcrumb\"},\"inLanguage\":\"de\",\"potentialAction\":[{\"@type\":\"ReadAction\",\"target\":[\"https:\/\/www.adobecar.com\/de\/datenschutzrichtlinie\/\"]}]},{\"@type\":\"BreadcrumbList\",\"@id\":\"https:\/\/www.adobecar.com\/de\/datenschutzrichtlinie\/#breadcrumb\",\"itemListElement\":[{\"@type\":\"ListItem\",\"position\":1,\"name\":\"Mietwagen\",\"item\":\"https:\/\/www.adobecar.com\/de\/\"},{\"@type\":\"ListItem\",\"position\":2,\"name\":\"Datenschutzrichtlinie\"}]},{\"@type\":\"WebSite\",\"@id\":\"https:\/\/www.adobecar.com\/de\/#website\",\"url\":\"https:\/\/www.adobecar.com\/de\/\",\"name\":\"Adobe Rent a Car\",\"description\":\"Largest local car rental company in Costa Rica\",\"publisher\":{\"@id\":\"https:\/\/www.adobecar.com\/de\/#organization\"},\"alternateName\":\"ARC Car Rental\",\"potentialAction\":[{\"@type\":\"SearchAction\",\"target\":{\"@type\":\"EntryPoint\",\"urlTemplate\":\"https:\/\/www.adobecar.com\/de\/?s={search_term_string}\"},\"query-input\":{\"@type\":\"PropertyValueSpecification\",\"valueRequired\":true,\"valueName\":\"search_term_string\"}}],\"inLanguage\":\"de\"},{\"@type\":[\"Organization\",\"Place\"],\"@id\":\"https:\/\/www.adobecar.com\/de\/#organization\",\"name\":\"Adobe Rent a Car\",\"url\":\"https:\/\/www.adobecar.com\/de\/\",\"logo\":{\"@type\":\"ImageObject\",\"inLanguage\":\"de\",\"@id\":\"https:\/\/www.adobecar.com\/de\/#\/schema\/logo\/image\/\",\"url\":\"https:\/\/www.adobecar.com\/wp-content\/uploads\/2020\/05\/logo-ARC.png\",\"contentUrl\":\"https:\/\/www.adobecar.com\/wp-content\/uploads\/2020\/05\/logo-ARC.png\",\"width\":170,\"height\":78,\"caption\":\"Adobe Rent a Car\"},\"image\":{\"@id\":\"https:\/\/www.adobecar.com\/de\/#\/schema\/logo\/image\/\"},\"sameAs\":[\"https:\/\/www.facebook.com\/adobecar\",\"https:\/\/x.com\/adoberentacar\",\"https:\/\/www.instagram.com\/adoberentacar\/\",\"https:\/\/www.linkedin.com\/company\/adobe-rent-a-car\",\"https:\/\/www.youtube.com\/channel\/UCPJfc3n7wu_7aR8H_nd6VJQ\"],\"mainEntityOfPage\":{\"@id\":\"https:\/\/www.adobecar.com\/de\/datenschutzrichtlinie\/\"}}]}<\/script>\n<!-- \/ Yoast SEO Premium plugin. -->","yoast_head_json":{"title":"Datenschutzrichtlinie - Adobe Rent a Car","description":"\u27a1\ufe0f - Adobe Rent a Car - Datenschutzrichtlinie","robots":{"index":"index","follow":"follow","max-snippet":"max-snippet:-1","max-image-preview":"max-image-preview:large","max-video-preview":"max-video-preview:-1"},"canonical":"https:\/\/www.adobecar.com\/de\/datenschutzrichtlinie\/","og_locale":"de_DE","og_type":"article","og_title":"Datenschutzrichtlinie - Adobe Rent a Car","og_description":"\u27a1\ufe0f - Adobe Rent a Car - Datenschutzrichtlinie","og_url":"https:\/\/www.adobecar.com\/de\/datenschutzrichtlinie\/","og_site_name":"Adobe Rent a Car","article_publisher":"https:\/\/www.facebook.com\/adobecar","article_modified_time":"2024-10-01T01:50:23+00:00","og_image":[{"width":682,"height":280,"url":"https:\/\/www.adobecar.com\/wp-content\/uploads\/2023\/06\/MAPA-682x280-SAN-JOSE.jpg","type":"image\/jpeg"}],"twitter_card":"summary_large_image","twitter_site":"@adoberentacar","schema":{"@context":"https:\/\/schema.org","@graph":[{"@type":"WebPage","@id":"https:\/\/www.adobecar.com\/de\/datenschutzrichtlinie\/","url":"https:\/\/www.adobecar.com\/de\/datenschutzrichtlinie\/","name":"Datenschutzrichtlinie - Adobe Rent a Car","isPartOf":{"@id":"https:\/\/www.adobecar.com\/de\/#website"},"datePublished":"2024-10-01T01:44:59+00:00","dateModified":"2024-10-01T01:50:23+00:00","description":"\u27a1\ufe0f - Adobe Rent a Car - Datenschutzrichtlinie","breadcrumb":{"@id":"https:\/\/www.adobecar.com\/de\/datenschutzrichtlinie\/#breadcrumb"},"inLanguage":"de","potentialAction":[{"@type":"ReadAction","target":["https:\/\/www.adobecar.com\/de\/datenschutzrichtlinie\/"]}]},{"@type":"BreadcrumbList","@id":"https:\/\/www.adobecar.com\/de\/datenschutzrichtlinie\/#breadcrumb","itemListElement":[{"@type":"ListItem","position":1,"name":"Mietwagen","item":"https:\/\/www.adobecar.com\/de\/"},{"@type":"ListItem","position":2,"name":"Datenschutzrichtlinie"}]},{"@type":"WebSite","@id":"https:\/\/www.adobecar.com\/de\/#website","url":"https:\/\/www.adobecar.com\/de\/","name":"Adobe Rent a Car","description":"Largest local car rental company in Costa Rica","publisher":{"@id":"https:\/\/www.adobecar.com\/de\/#organization"},"alternateName":"ARC Car Rental","potentialAction":[{"@type":"SearchAction","target":{"@type":"EntryPoint","urlTemplate":"https:\/\/www.adobecar.com\/de\/?s={search_term_string}"},"query-input":{"@type":"PropertyValueSpecification","valueRequired":true,"valueName":"search_term_string"}}],"inLanguage":"de"},{"@type":["Organization","Place"],"@id":"https:\/\/www.adobecar.com\/de\/#organization","name":"Adobe Rent a Car","url":"https:\/\/www.adobecar.com\/de\/","logo":{"@type":"ImageObject","inLanguage":"de","@id":"https:\/\/www.adobecar.com\/de\/#\/schema\/logo\/image\/","url":"https:\/\/www.adobecar.com\/wp-content\/uploads\/2020\/05\/logo-ARC.png","contentUrl":"https:\/\/www.adobecar.com\/wp-content\/uploads\/2020\/05\/logo-ARC.png","width":170,"height":78,"caption":"Adobe Rent a Car"},"image":{"@id":"https:\/\/www.adobecar.com\/de\/#\/schema\/logo\/image\/"},"sameAs":["https:\/\/www.facebook.com\/adobecar","https:\/\/x.com\/adoberentacar","https:\/\/www.instagram.com\/adoberentacar\/","https:\/\/www.linkedin.com\/company\/adobe-rent-a-car","https:\/\/www.youtube.com\/channel\/UCPJfc3n7wu_7aR8H_nd6VJQ"],"mainEntityOfPage":{"@id":"https:\/\/www.adobecar.com\/de\/datenschutzrichtlinie\/"}}]}},"_links":{"self":[{"href":"https:\/\/www.adobecar.com\/de\/wp-json\/wp\/v2\/pages\/39896","targetHints":{"allow":["GET"]}}],"collection":[{"href":"https:\/\/www.adobecar.com\/de\/wp-json\/wp\/v2\/pages"}],"about":[{"href":"https:\/\/www.adobecar.com\/de\/wp-json\/wp\/v2\/types\/page"}],"author":[{"embeddable":true,"href":"https:\/\/www.adobecar.com\/de\/wp-json\/wp\/v2\/users\/142"}],"replies":[{"embeddable":true,"href":"https:\/\/www.adobecar.com\/de\/wp-json\/wp\/v2\/comments?post=39896"}],"version-history":[{"count":0,"href":"https:\/\/www.adobecar.com\/de\/wp-json\/wp\/v2\/pages\/39896\/revisions"}],"wp:attachment":[{"href":"https:\/\/www.adobecar.com\/de\/wp-json\/wp\/v2\/media?parent=39896"}],"curies":[{"name":"wp","href":"https:\/\/api.w.org\/{rel}","templated":true}]}}